{"id":286234,"date":"2023-01-05T16:56:17","date_gmt":"2023-01-05T15:56:17","guid":{"rendered":"https:\/\/alders.de\/?post_type=product&#038;p=286234"},"modified":"2023-01-05T17:18:23","modified_gmt":"2023-01-05T16:18:23","slug":"otto-controls-hfnr-signalisation-de-direction","status":"publish","type":"product","link":"https:\/\/dev3.alders.de\/fr\/produit\/otto-controls-hfnr-signalisation-de-direction\/","title":{"rendered":"OTTO Controls HFNR Signalisation de direction"},"content":{"rendered":"<ul>\n<li>Jusqu\u2019\u00e0 3 millions de cycles<\/li>\n<li>tr\u00e8s robuste<\/li>\n<li>id\u00e9al pour les poign\u00e9es de commande<\/li>\n<li>FNR<\/li>\n<li>trois positions (Avant, Neutre, Marche arri\u00e8re)<\/li>\n<\/ul>\n<div class=\"owl-stage-outer\">\n<div class=\"owl-stage\">\n<div class=\"owl-item active\"><\/div>\n<\/div>\n<\/div>\n","protected":false},"excerpt":{"rendered":"<p>Jusqu\u2019\u00e0 3 millions de cycles tr\u00e8s robuste id\u00e9al pour les poign\u00e9es de commande FNR trois positions (Avant, Neutre, Marche arri\u00e8re)<\/p>\n","protected":false},"featured_media":286238,"template":"","meta":[],"product_cat":[387,396,386],"product_tag":[],"acf":[],"yoast_head":"<!-- This site is optimized with the Yoast SEO plugin v21.8 - https:\/\/yoast.com\/wordpress\/plugins\/seo\/ -->\n<title>OTTO Controls HFNR Signalisation de direction - ALDERS electronic GmbH<\/title>\n<meta name=\"robots\" content=\"noindex, follow, max-snippet:-1, max-image-preview:large, max-video-preview:-1\" \/>\n<meta property=\"og:locale\" content=\"fr_FR\" \/>\n<meta property=\"og:type\" content=\"article\" \/>\n<meta property=\"og:title\" content=\"OTTO Controls HFNR Signalisation de direction - ALDERS electronic GmbH\" \/>\n<meta property=\"og:description\" content=\"Jusqu\u2019\u00e0 3 millions de cycles tr\u00e8s robuste id\u00e9al pour les poign\u00e9es de commande FNR trois positions (Avant, Neutre, Marche arri\u00e8re)\" \/>\n<meta property=\"og:url\" content=\"https:\/\/dev3.alders.de\/fr\/produit\/otto-controls-hfnr-signalisation-de-direction\/\" \/>\n<meta property=\"og:site_name\" content=\"ALDERS electronic GmbH\" \/>\n<meta property=\"article:publisher\" content=\"https:\/\/www.facebook.com\/Alders.electronic\/\" \/>\n<meta property=\"article:modified_time\" content=\"2023-01-05T16:18:23+00:00\" \/>\n<meta property=\"og:image\" content=\"https:\/\/dev3.alders.de\/wp-content\/uploads\/2023\/01\/hfnr-picture-b-web.png\" \/>\n\t<meta property=\"og:image:width\" content=\"1000\" \/>\n\t<meta property=\"og:image:height\" content=\"1072\" \/>\n\t<meta property=\"og:image:type\" content=\"image\/png\" \/>\n<meta name=\"twitter:card\" content=\"summary_large_image\" \/>\n<meta name=\"twitter:label1\" content=\"Dur\u00e9e de lecture estim\u00e9e\" \/>\n\t<meta name=\"twitter:data1\" content=\"1 minute\" \/>\n<script type=\"application\/ld+json\" class=\"yoast-schema-graph\">{\"@context\":\"https:\/\/schema.org\",\"@graph\":[{\"@type\":\"WebPage\",\"@id\":\"https:\/\/dev3.alders.de\/fr\/produit\/otto-controls-hfnr-signalisation-de-direction\/\",\"url\":\"https:\/\/dev3.alders.de\/fr\/produit\/otto-controls-hfnr-signalisation-de-direction\/\",\"name\":\"OTTO Controls HFNR Signalisation de direction - ALDERS electronic GmbH\",\"isPartOf\":{\"@id\":\"https:\/\/dev3.alders.de\/fr\/#website\"},\"datePublished\":\"2023-01-05T15:56:17+00:00\",\"dateModified\":\"2023-01-05T16:18:23+00:00\",\"breadcrumb\":{\"@id\":\"https:\/\/dev3.alders.de\/fr\/produit\/otto-controls-hfnr-signalisation-de-direction\/#breadcrumb\"},\"inLanguage\":\"fr-FR\",\"potentialAction\":[{\"@type\":\"ReadAction\",\"target\":[\"https:\/\/dev3.alders.de\/fr\/produit\/otto-controls-hfnr-signalisation-de-direction\/\"]}]},{\"@type\":\"BreadcrumbList\",\"@id\":\"https:\/\/dev3.alders.de\/fr\/produit\/otto-controls-hfnr-signalisation-de-direction\/#breadcrumb\",\"itemListElement\":[{\"@type\":\"ListItem\",\"position\":1,\"name\":\"ALDERS\",\"item\":\"https:\/\/dev3.alders.de\/fr\/\"},{\"@type\":\"ListItem\",\"position\":2,\"name\":\"Catalogue\",\"item\":\"https:\/\/dev3.alders.de\/fr\/catalogue\/\"},{\"@type\":\"ListItem\",\"position\":3,\"name\":\"OTTO Controls HFNR Signalisation de direction\"}]},{\"@type\":\"WebSite\",\"@id\":\"https:\/\/dev3.alders.de\/fr\/#website\",\"url\":\"https:\/\/dev3.alders.de\/fr\/\",\"name\":\"ALDERS electronic GmbH\",\"description\":\"Der Spezialist f\u00fcr elektromechanische L\u00f6sungen\",\"publisher\":{\"@id\":\"https:\/\/dev3.alders.de\/fr\/#organization\"},\"potentialAction\":[{\"@type\":\"SearchAction\",\"target\":{\"@type\":\"EntryPoint\",\"urlTemplate\":\"https:\/\/dev3.alders.de\/fr\/?s={search_term_string}\"},\"query-input\":\"required name=search_term_string\"}],\"inLanguage\":\"fr-FR\"},{\"@type\":\"Organization\",\"@id\":\"https:\/\/dev3.alders.de\/fr\/#organization\",\"name\":\"ALDERS electronic GmbH\",\"url\":\"https:\/\/dev3.alders.de\/fr\/\",\"logo\":{\"@type\":\"ImageObject\",\"inLanguage\":\"fr-FR\",\"@id\":\"https:\/\/dev3.alders.de\/fr\/#\/schema\/logo\/image\/\",\"url\":\"https:\/\/dev3.alders.de\/wp-content\/uploads\/2023\/01\/SB-11A-00.pdf2021\/02\/alders-electronic-gmbh_logo.png\",\"contentUrl\":\"https:\/\/dev3.alders.de\/wp-content\/uploads\/2023\/01\/SB-11A-00.pdf2021\/02\/alders-electronic-gmbh_logo.png\",\"width\":270,\"height\":66,\"caption\":\"ALDERS electronic GmbH\"},\"image\":{\"@id\":\"https:\/\/dev3.alders.de\/fr\/#\/schema\/logo\/image\/\"},\"sameAs\":[\"https:\/\/www.facebook.com\/Alders.electronic\/\",\"https:\/\/de.linkedin.com\/company\/alders-electronic-gmbh\",\"https:\/\/www.youtube.com\/channel\/UC-hR66wsAmKOdY03IokrlzA\"]}]}<\/script>\n<!-- \/ Yoast SEO plugin. -->","yoast_head_json":{"title":"OTTO Controls HFNR Signalisation de direction - ALDERS electronic GmbH","robots":{"index":"noindex","follow":"follow","max-snippet":"max-snippet:-1","max-image-preview":"max-image-preview:large","max-video-preview":"max-video-preview:-1"},"og_locale":"fr_FR","og_type":"article","og_title":"OTTO Controls HFNR Signalisation de direction - ALDERS electronic GmbH","og_description":"Jusqu\u2019\u00e0 3 millions de cycles tr\u00e8s robuste id\u00e9al pour les poign\u00e9es de commande FNR trois positions (Avant, Neutre, Marche arri\u00e8re)","og_url":"https:\/\/dev3.alders.de\/fr\/produit\/otto-controls-hfnr-signalisation-de-direction\/","og_site_name":"ALDERS electronic GmbH","article_publisher":"https:\/\/www.facebook.com\/Alders.electronic\/","article_modified_time":"2023-01-05T16:18:23+00:00","og_image":[{"width":1000,"height":1072,"url":"https:\/\/dev3.alders.de\/wp-content\/uploads\/2023\/01\/hfnr-picture-b-web.png","type":"image\/png"}],"twitter_card":"summary_large_image","twitter_misc":{"Dur\u00e9e de lecture estim\u00e9e":"1 minute"},"schema":{"@context":"https:\/\/schema.org","@graph":[{"@type":"WebPage","@id":"https:\/\/dev3.alders.de\/fr\/produit\/otto-controls-hfnr-signalisation-de-direction\/","url":"https:\/\/dev3.alders.de\/fr\/produit\/otto-controls-hfnr-signalisation-de-direction\/","name":"OTTO Controls HFNR Signalisation de direction - ALDERS electronic GmbH","isPartOf":{"@id":"https:\/\/dev3.alders.de\/fr\/#website"},"datePublished":"2023-01-05T15:56:17+00:00","dateModified":"2023-01-05T16:18:23+00:00","breadcrumb":{"@id":"https:\/\/dev3.alders.de\/fr\/produit\/otto-controls-hfnr-signalisation-de-direction\/#breadcrumb"},"inLanguage":"fr-FR","potentialAction":[{"@type":"ReadAction","target":["https:\/\/dev3.alders.de\/fr\/produit\/otto-controls-hfnr-signalisation-de-direction\/"]}]},{"@type":"BreadcrumbList","@id":"https:\/\/dev3.alders.de\/fr\/produit\/otto-controls-hfnr-signalisation-de-direction\/#breadcrumb","itemListElement":[{"@type":"ListItem","position":1,"name":"ALDERS","item":"https:\/\/dev3.alders.de\/fr\/"},{"@type":"ListItem","position":2,"name":"Catalogue","item":"https:\/\/dev3.alders.de\/fr\/catalogue\/"},{"@type":"ListItem","position":3,"name":"OTTO Controls HFNR Signalisation de direction"}]},{"@type":"WebSite","@id":"https:\/\/dev3.alders.de\/fr\/#website","url":"https:\/\/dev3.alders.de\/fr\/","name":"ALDERS electronic GmbH","description":"Der Spezialist f\u00fcr elektromechanische L\u00f6sungen","publisher":{"@id":"https:\/\/dev3.alders.de\/fr\/#organization"},"potentialAction":[{"@type":"SearchAction","target":{"@type":"EntryPoint","urlTemplate":"https:\/\/dev3.alders.de\/fr\/?s={search_term_string}"},"query-input":"required name=search_term_string"}],"inLanguage":"fr-FR"},{"@type":"Organization","@id":"https:\/\/dev3.alders.de\/fr\/#organization","name":"ALDERS electronic GmbH","url":"https:\/\/dev3.alders.de\/fr\/","logo":{"@type":"ImageObject","inLanguage":"fr-FR","@id":"https:\/\/dev3.alders.de\/fr\/#\/schema\/logo\/image\/","url":"https:\/\/dev3.alders.de\/wp-content\/uploads\/2023\/01\/SB-11A-00.pdf2021\/02\/alders-electronic-gmbh_logo.png","contentUrl":"https:\/\/dev3.alders.de\/wp-content\/uploads\/2023\/01\/SB-11A-00.pdf2021\/02\/alders-electronic-gmbh_logo.png","width":270,"height":66,"caption":"ALDERS electronic GmbH"},"image":{"@id":"https:\/\/dev3.alders.de\/fr\/#\/schema\/logo\/image\/"},"sameAs":["https:\/\/www.facebook.com\/Alders.electronic\/","https:\/\/de.linkedin.com\/company\/alders-electronic-gmbh","https:\/\/www.youtube.com\/channel\/UC-hR66wsAmKOdY03IokrlzA"]}]}},"_links":{"self":[{"href":"https:\/\/dev3.alders.de\/fr\/wp-json\/wp\/v2\/product\/286234"}],"collection":[{"href":"https:\/\/dev3.alders.de\/fr\/wp-json\/wp\/v2\/product"}],"about":[{"href":"https:\/\/dev3.alders.de\/fr\/wp-json\/wp\/v2\/types\/product"}],"wp:featuredmedia":[{"embeddable":true,"href":"https:\/\/dev3.alders.de\/fr\/wp-json\/wp\/v2\/media\/286238"}],"wp:attachment":[{"href":"https:\/\/dev3.alders.de\/fr\/wp-json\/wp\/v2\/media?parent=286234"}],"wp:term":[{"taxonomy":"product_cat","embeddable":true,"href":"https:\/\/dev3.alders.de\/fr\/wp-json\/wp\/v2\/product_cat?post=286234"},{"taxonomy":"product_tag","embeddable":true,"href":"https:\/\/dev3.alders.de\/fr\/wp-json\/wp\/v2\/product_tag?post=286234"}],"curies":[{"name":"wp","href":"https:\/\/api.w.org\/{rel}","templated":true}]}}