{"id":284441,"date":"2021-07-26T10:34:51","date_gmt":"2021-07-26T08:34:51","guid":{"rendered":"https:\/\/alders.de\/product\/fes-sensor-technology-gassensoren-hydrogen-sensor-h2-cni-4-20ma\/"},"modified":"2022-03-08T14:17:39","modified_gmt":"2022-03-08T13:17:39","slug":"fes-sensor-technology-gassensoren-hydrogen-sensor-h2-cni-4-20ma","status":"publish","type":"product","link":"https:\/\/dev3.alders.de\/fr\/produit\/fes-sensor-technology-gassensoren-hydrogen-sensor-h2-cni-4-20ma\/","title":{"rendered":"FES Sensor Technology Capteur de gaz H2-CNI 4-20mA"},"content":{"rendered":"<ul class=\"defaultList\">\n<li>Sensibilit\u00e9 et s\u00e9lectivit\u00e9 \u00e9lev\u00e9es \u00e0 l\u2019hydrog\u00e8ne jusqu\u2019\u00e0 la limite inf\u00e9rieure d\u2019explosion (LIE)<\/li>\n<li>Insensible aux toxines typiques des catalyseurs, telles que les siloxanes volatils et le monoxyde de carbone<\/li>\n<li>Temps de r\u00e9ponse rapide<\/li>\n<li>Pas de d\u00e9rive du point z\u00e9ro<\/li>\n<li>Utilisable en hygrom\u00e9trie de 0 % \u00e0 100 % Hr\u00a0et sous condition de vapeur d\u2019eau<\/li>\n<li>Plage de temp\u00e9rature de -10\u00b0C \u00e0 30\u00b0C<\/li>\n<li>Construction robuste<\/li>\n<li>Stable \u00e0 long terme et sans entretien<\/li>\n<li>Aucun calibrage requis<\/li>\n<li>Sortie courant 4-20mA<\/li>\n<\/ul>\n","protected":false},"excerpt":{"rendered":"<p>Sensibilit\u00e9 et s\u00e9lectivit\u00e9 \u00e9lev\u00e9es \u00e0 l\u2019hydrog\u00e8ne jusqu\u2019\u00e0 la limite inf\u00e9rieure d\u2019explosion (LIE) Insensible aux toxines typiques des catalyseurs, telles que les siloxanes volatils et le monoxyde de carbone Temps de r\u00e9ponse rapide Pas de d\u00e9rive du point z\u00e9ro Utilisable en hygrom\u00e9trie de 0 % \u00e0 100 % Hr\u00a0et sous condition de vapeur d\u2019eau Plage de [&hellip;]<\/p>\n","protected":false},"featured_media":283265,"template":"","meta":[],"product_cat":[540,569],"product_tag":[471,494],"acf":[],"yoast_head":"<!-- This site is optimized with the Yoast SEO plugin v21.8 - https:\/\/yoast.com\/wordpress\/plugins\/seo\/ -->\n<title>FES Sensor Technology Capteur de gaz H2-CNI 4-20mA - ALDERS electronic GmbH<\/title>\n<meta name=\"robots\" content=\"noindex, follow, max-snippet:-1, max-image-preview:large, max-video-preview:-1\" \/>\n<meta property=\"og:locale\" content=\"fr_FR\" \/>\n<meta property=\"og:type\" content=\"article\" \/>\n<meta property=\"og:title\" content=\"FES Sensor Technology Capteur de gaz H2-CNI 4-20mA - ALDERS electronic GmbH\" \/>\n<meta property=\"og:description\" content=\"Sensibilit\u00e9 et s\u00e9lectivit\u00e9 \u00e9lev\u00e9es \u00e0 l\u2019hydrog\u00e8ne jusqu\u2019\u00e0 la limite inf\u00e9rieure d\u2019explosion (LIE) Insensible aux toxines typiques des catalyseurs, telles que les siloxanes volatils et le monoxyde de carbone Temps de r\u00e9ponse rapide Pas de d\u00e9rive du point z\u00e9ro Utilisable en hygrom\u00e9trie de 0 % \u00e0 100 % Hr\u00a0et sous condition de vapeur d\u2019eau Plage de [&hellip;]\" \/>\n<meta property=\"og:url\" content=\"https:\/\/dev3.alders.de\/fr\/produit\/fes-sensor-technology-gassensoren-hydrogen-sensor-h2-cni-4-20ma\/\" \/>\n<meta property=\"og:site_name\" content=\"ALDERS electronic GmbH\" \/>\n<meta property=\"article:publisher\" content=\"https:\/\/www.facebook.com\/Alders.electronic\/\" \/>\n<meta property=\"article:modified_time\" content=\"2022-03-08T13:17:39+00:00\" \/>\n<meta property=\"og:image\" content=\"https:\/\/dev3.alders.de\/wp-content\/uploads\/2021\/07\/H2-CNI_4-20mA_1-removebg-preview-1.png\" \/>\n\t<meta property=\"og:image:width\" content=\"577\" \/>\n\t<meta property=\"og:image:height\" content=\"433\" \/>\n\t<meta property=\"og:image:type\" content=\"image\/png\" \/>\n<meta name=\"twitter:card\" content=\"summary_large_image\" \/>\n<meta name=\"twitter:label1\" content=\"Dur\u00e9e de lecture estim\u00e9e\" \/>\n\t<meta name=\"twitter:data1\" content=\"1 minute\" \/>\n<script type=\"application\/ld+json\" class=\"yoast-schema-graph\">{\"@context\":\"https:\/\/schema.org\",\"@graph\":[{\"@type\":\"WebPage\",\"@id\":\"https:\/\/dev3.alders.de\/fr\/produit\/fes-sensor-technology-gassensoren-hydrogen-sensor-h2-cni-4-20ma\/\",\"url\":\"https:\/\/dev3.alders.de\/fr\/produit\/fes-sensor-technology-gassensoren-hydrogen-sensor-h2-cni-4-20ma\/\",\"name\":\"FES Sensor Technology Capteur de gaz H2-CNI 4-20mA - ALDERS electronic GmbH\",\"isPartOf\":{\"@id\":\"https:\/\/dev3.alders.de\/fr\/#website\"},\"datePublished\":\"2021-07-26T08:34:51+00:00\",\"dateModified\":\"2022-03-08T13:17:39+00:00\",\"breadcrumb\":{\"@id\":\"https:\/\/dev3.alders.de\/fr\/produit\/fes-sensor-technology-gassensoren-hydrogen-sensor-h2-cni-4-20ma\/#breadcrumb\"},\"inLanguage\":\"fr-FR\",\"potentialAction\":[{\"@type\":\"ReadAction\",\"target\":[\"https:\/\/dev3.alders.de\/fr\/produit\/fes-sensor-technology-gassensoren-hydrogen-sensor-h2-cni-4-20ma\/\"]}]},{\"@type\":\"BreadcrumbList\",\"@id\":\"https:\/\/dev3.alders.de\/fr\/produit\/fes-sensor-technology-gassensoren-hydrogen-sensor-h2-cni-4-20ma\/#breadcrumb\",\"itemListElement\":[{\"@type\":\"ListItem\",\"position\":1,\"name\":\"ALDERS\",\"item\":\"https:\/\/dev3.alders.de\/fr\/\"},{\"@type\":\"ListItem\",\"position\":2,\"name\":\"Catalogue\",\"item\":\"https:\/\/dev3.alders.de\/fr\/catalogue\/\"},{\"@type\":\"ListItem\",\"position\":3,\"name\":\"FES Sensor Technology Capteur de gaz H2-CNI 4-20mA\"}]},{\"@type\":\"WebSite\",\"@id\":\"https:\/\/dev3.alders.de\/fr\/#website\",\"url\":\"https:\/\/dev3.alders.de\/fr\/\",\"name\":\"ALDERS electronic GmbH\",\"description\":\"Der Spezialist f\u00fcr elektromechanische L\u00f6sungen\",\"publisher\":{\"@id\":\"https:\/\/dev3.alders.de\/fr\/#organization\"},\"potentialAction\":[{\"@type\":\"SearchAction\",\"target\":{\"@type\":\"EntryPoint\",\"urlTemplate\":\"https:\/\/dev3.alders.de\/fr\/?s={search_term_string}\"},\"query-input\":\"required name=search_term_string\"}],\"inLanguage\":\"fr-FR\"},{\"@type\":\"Organization\",\"@id\":\"https:\/\/dev3.alders.de\/fr\/#organization\",\"name\":\"ALDERS electronic GmbH\",\"url\":\"https:\/\/dev3.alders.de\/fr\/\",\"logo\":{\"@type\":\"ImageObject\",\"inLanguage\":\"fr-FR\",\"@id\":\"https:\/\/dev3.alders.de\/fr\/#\/schema\/logo\/image\/\",\"url\":\"https:\/\/dev3.alders.de\/wp-content\/uploads\/2023\/01\/SB-11A-00.pdf2021\/02\/alders-electronic-gmbh_logo.png\",\"contentUrl\":\"https:\/\/dev3.alders.de\/wp-content\/uploads\/2023\/01\/SB-11A-00.pdf2021\/02\/alders-electronic-gmbh_logo.png\",\"width\":270,\"height\":66,\"caption\":\"ALDERS electronic GmbH\"},\"image\":{\"@id\":\"https:\/\/dev3.alders.de\/fr\/#\/schema\/logo\/image\/\"},\"sameAs\":[\"https:\/\/www.facebook.com\/Alders.electronic\/\",\"https:\/\/de.linkedin.com\/company\/alders-electronic-gmbh\",\"https:\/\/www.youtube.com\/channel\/UC-hR66wsAmKOdY03IokrlzA\"]}]}<\/script>\n<!-- \/ Yoast SEO plugin. -->","yoast_head_json":{"title":"FES Sensor Technology Capteur de gaz H2-CNI 4-20mA - ALDERS electronic GmbH","robots":{"index":"noindex","follow":"follow","max-snippet":"max-snippet:-1","max-image-preview":"max-image-preview:large","max-video-preview":"max-video-preview:-1"},"og_locale":"fr_FR","og_type":"article","og_title":"FES Sensor Technology Capteur de gaz H2-CNI 4-20mA - ALDERS electronic GmbH","og_description":"Sensibilit\u00e9 et s\u00e9lectivit\u00e9 \u00e9lev\u00e9es \u00e0 l\u2019hydrog\u00e8ne jusqu\u2019\u00e0 la limite inf\u00e9rieure d\u2019explosion (LIE) Insensible aux toxines typiques des catalyseurs, telles que les siloxanes volatils et le monoxyde de carbone Temps de r\u00e9ponse rapide Pas de d\u00e9rive du point z\u00e9ro Utilisable en hygrom\u00e9trie de 0 % \u00e0 100 % Hr\u00a0et sous condition de vapeur d\u2019eau Plage de [&hellip;]","og_url":"https:\/\/dev3.alders.de\/fr\/produit\/fes-sensor-technology-gassensoren-hydrogen-sensor-h2-cni-4-20ma\/","og_site_name":"ALDERS electronic GmbH","article_publisher":"https:\/\/www.facebook.com\/Alders.electronic\/","article_modified_time":"2022-03-08T13:17:39+00:00","og_image":[{"width":577,"height":433,"url":"https:\/\/dev3.alders.de\/wp-content\/uploads\/2021\/07\/H2-CNI_4-20mA_1-removebg-preview-1.png","type":"image\/png"}],"twitter_card":"summary_large_image","twitter_misc":{"Dur\u00e9e de lecture estim\u00e9e":"1 minute"},"schema":{"@context":"https:\/\/schema.org","@graph":[{"@type":"WebPage","@id":"https:\/\/dev3.alders.de\/fr\/produit\/fes-sensor-technology-gassensoren-hydrogen-sensor-h2-cni-4-20ma\/","url":"https:\/\/dev3.alders.de\/fr\/produit\/fes-sensor-technology-gassensoren-hydrogen-sensor-h2-cni-4-20ma\/","name":"FES Sensor Technology Capteur de gaz H2-CNI 4-20mA - ALDERS electronic GmbH","isPartOf":{"@id":"https:\/\/dev3.alders.de\/fr\/#website"},"datePublished":"2021-07-26T08:34:51+00:00","dateModified":"2022-03-08T13:17:39+00:00","breadcrumb":{"@id":"https:\/\/dev3.alders.de\/fr\/produit\/fes-sensor-technology-gassensoren-hydrogen-sensor-h2-cni-4-20ma\/#breadcrumb"},"inLanguage":"fr-FR","potentialAction":[{"@type":"ReadAction","target":["https:\/\/dev3.alders.de\/fr\/produit\/fes-sensor-technology-gassensoren-hydrogen-sensor-h2-cni-4-20ma\/"]}]},{"@type":"BreadcrumbList","@id":"https:\/\/dev3.alders.de\/fr\/produit\/fes-sensor-technology-gassensoren-hydrogen-sensor-h2-cni-4-20ma\/#breadcrumb","itemListElement":[{"@type":"ListItem","position":1,"name":"ALDERS","item":"https:\/\/dev3.alders.de\/fr\/"},{"@type":"ListItem","position":2,"name":"Catalogue","item":"https:\/\/dev3.alders.de\/fr\/catalogue\/"},{"@type":"ListItem","position":3,"name":"FES Sensor Technology Capteur de gaz H2-CNI 4-20mA"}]},{"@type":"WebSite","@id":"https:\/\/dev3.alders.de\/fr\/#website","url":"https:\/\/dev3.alders.de\/fr\/","name":"ALDERS electronic GmbH","description":"Der Spezialist f\u00fcr elektromechanische L\u00f6sungen","publisher":{"@id":"https:\/\/dev3.alders.de\/fr\/#organization"},"potentialAction":[{"@type":"SearchAction","target":{"@type":"EntryPoint","urlTemplate":"https:\/\/dev3.alders.de\/fr\/?s={search_term_string}"},"query-input":"required name=search_term_string"}],"inLanguage":"fr-FR"},{"@type":"Organization","@id":"https:\/\/dev3.alders.de\/fr\/#organization","name":"ALDERS electronic GmbH","url":"https:\/\/dev3.alders.de\/fr\/","logo":{"@type":"ImageObject","inLanguage":"fr-FR","@id":"https:\/\/dev3.alders.de\/fr\/#\/schema\/logo\/image\/","url":"https:\/\/dev3.alders.de\/wp-content\/uploads\/2023\/01\/SB-11A-00.pdf2021\/02\/alders-electronic-gmbh_logo.png","contentUrl":"https:\/\/dev3.alders.de\/wp-content\/uploads\/2023\/01\/SB-11A-00.pdf2021\/02\/alders-electronic-gmbh_logo.png","width":270,"height":66,"caption":"ALDERS electronic GmbH"},"image":{"@id":"https:\/\/dev3.alders.de\/fr\/#\/schema\/logo\/image\/"},"sameAs":["https:\/\/www.facebook.com\/Alders.electronic\/","https:\/\/de.linkedin.com\/company\/alders-electronic-gmbh","https:\/\/www.youtube.com\/channel\/UC-hR66wsAmKOdY03IokrlzA"]}]}},"_links":{"self":[{"href":"https:\/\/dev3.alders.de\/fr\/wp-json\/wp\/v2\/product\/284441"}],"collection":[{"href":"https:\/\/dev3.alders.de\/fr\/wp-json\/wp\/v2\/product"}],"about":[{"href":"https:\/\/dev3.alders.de\/fr\/wp-json\/wp\/v2\/types\/product"}],"wp:featuredmedia":[{"embeddable":true,"href":"https:\/\/dev3.alders.de\/fr\/wp-json\/wp\/v2\/media\/283265"}],"wp:attachment":[{"href":"https:\/\/dev3.alders.de\/fr\/wp-json\/wp\/v2\/media?parent=284441"}],"wp:term":[{"taxonomy":"product_cat","embeddable":true,"href":"https:\/\/dev3.alders.de\/fr\/wp-json\/wp\/v2\/product_cat?post=284441"},{"taxonomy":"product_tag","embeddable":true,"href":"https:\/\/dev3.alders.de\/fr\/wp-json\/wp\/v2\/product_tag?post=284441"}],"curies":[{"name":"wp","href":"https:\/\/api.w.org\/{rel}","templated":true}]}}