{"id":283823,"date":"2021-05-17T15:26:28","date_gmt":"2021-05-17T13:26:28","guid":{"rendered":"https:\/\/alders.de\/product\/otto-controls-drucktaster-p1-serie\/"},"modified":"2021-11-02T13:35:38","modified_gmt":"2021-11-02T12:35:38","slug":"otto-controls-drucktaster-p1-serie","status":"publish","type":"product","link":"https:\/\/dev3.alders.de\/fr\/produit\/otto-controls-drucktaster-p1-serie\/","title":{"rendered":"OTTO Controls s\u00e9rie P1"},"content":{"rendered":"<ul>\n<li>selon sp\u00e9cifications MIL<\/li>\n<li>Variante IP68 disponible<\/li>\n<li>Diff\u00e9rents actionneurs disponibles<\/li>\n<li>Disponible avec contacts \u00e0 ouverture, \u00e0 fermeture ou bistable<\/li>\n<\/ul>\n","protected":false},"excerpt":{"rendered":"<p>Avec une dur\u00e9e de vie m\u00e9canique bien sup\u00e9rieure \u00e0 50 000 cycles, ce bouton-poussoir de la s\u00e9rie P1 d\u2019OTTO Controls d\u00e9passe la sp\u00e9cification MIL-PRF- 8805. Le m\u00e9canisme de commutation transmet tr\u00e8s rapidement, r\u00e9duit les arcs \u00e9lectriques et augmente la dur\u00e9e de vie des contacts. La fonction autonettoyante int\u00e9gr\u00e9e garantit une fiabilit\u00e9 extr\u00eame \u2013 \u00e0 chaque utilisation de l\u2019appareil.<\/p>\n<p>Les boutons-poussoirs OTTO Controls de la s\u00e9rie P1 se distinguent par leur longue dur\u00e9e de vie, m\u00eame dans des conditions extr\u00eames. La haute \u00e9tanch\u00e9it\u00e9 de ce bouton poussoir aux sp\u00e9cifications (IP68S) et (MIL -PRF- 8805 Design 3) est assur\u00e9e par deux m\u00e9thodes : un manchon d\u2019interrupteur en silicone et des joints \u00e9poxy qui prot\u00e8gent les contacts.<\/p>\n<p>Ce bouton-poussoir de la s\u00e9rie P1 d\u2019OTTO Controls est donc un bouton-poussoir de pr\u00e9cision de haute qualit\u00e9 qui peut \u00eatre utilis\u00e9 dans un large \u00e9ventail d\u2019applications et se caract\u00e9rise par sa pr\u00e9cision, sa r\u00e9sistance et sa longue dur\u00e9e de vie.<\/p>\n","protected":false},"featured_media":281795,"template":"","meta":[],"product_cat":[397,386],"product_tag":[],"acf":[],"yoast_head":"<!-- This site is optimized with the Yoast SEO plugin v21.8 - https:\/\/yoast.com\/wordpress\/plugins\/seo\/ -->\n<title>OTTO Controls s\u00e9rie P1 - ALDERS electronic GmbH<\/title>\n<meta name=\"robots\" content=\"noindex, follow, max-snippet:-1, max-image-preview:large, max-video-preview:-1\" \/>\n<meta property=\"og:locale\" content=\"fr_FR\" \/>\n<meta property=\"og:type\" content=\"article\" \/>\n<meta property=\"og:title\" content=\"OTTO Controls s\u00e9rie P1 - ALDERS electronic GmbH\" \/>\n<meta property=\"og:description\" content=\"Avec une dur\u00e9e de vie m\u00e9canique bien sup\u00e9rieure \u00e0 50 000 cycles, ce bouton-poussoir de la s\u00e9rie P1 d\u2019OTTO Controls d\u00e9passe la sp\u00e9cification MIL-PRF- 8805. Le m\u00e9canisme de commutation transmet tr\u00e8s rapidement, r\u00e9duit les arcs \u00e9lectriques et augmente la dur\u00e9e de vie des contacts. La fonction autonettoyante int\u00e9gr\u00e9e garantit une fiabilit\u00e9 extr\u00eame \u2013 \u00e0 chaque utilisation de l\u2019appareil.  Les boutons-poussoirs OTTO Controls de la s\u00e9rie P1 se distinguent par leur longue dur\u00e9e de vie, m\u00eame dans des conditions extr\u00eames. La haute \u00e9tanch\u00e9it\u00e9 de ce bouton poussoir aux sp\u00e9cifications (IP68S) et (MIL -PRF- 8805 Design 3) est assur\u00e9e par deux m\u00e9thodes : un manchon d\u2019interrupteur en silicone et des joints \u00e9poxy qui prot\u00e8gent les contacts.  Ce bouton-poussoir de la s\u00e9rie P1 d\u2019OTTO Controls est donc un bouton-poussoir de pr\u00e9cision de haute qualit\u00e9 qui peut \u00eatre utilis\u00e9 dans un large \u00e9ventail d\u2019applications et se caract\u00e9rise par sa pr\u00e9cision, sa r\u00e9sistance et sa longue dur\u00e9e de vie.\" \/>\n<meta property=\"og:url\" content=\"https:\/\/dev3.alders.de\/fr\/produit\/otto-controls-drucktaster-p1-serie\/\" \/>\n<meta property=\"og:site_name\" content=\"ALDERS electronic GmbH\" \/>\n<meta property=\"article:publisher\" content=\"https:\/\/www.facebook.com\/Alders.electronic\/\" \/>\n<meta property=\"article:modified_time\" content=\"2021-11-02T12:35:38+00:00\" \/>\n<meta property=\"og:image\" content=\"https:\/\/dev3.alders.de\/wp-content\/uploads\/2021\/05\/alders-drucktaster-otto-controls-p1.jpg\" \/>\n\t<meta property=\"og:image:width\" content=\"120\" \/>\n\t<meta property=\"og:image:height\" content=\"120\" \/>\n\t<meta property=\"og:image:type\" content=\"image\/jpeg\" \/>\n<meta name=\"twitter:card\" content=\"summary_large_image\" \/>\n<meta name=\"twitter:label1\" content=\"Dur\u00e9e de lecture estim\u00e9e\" \/>\n\t<meta name=\"twitter:data1\" content=\"1 minute\" \/>\n<script type=\"application\/ld+json\" class=\"yoast-schema-graph\">{\"@context\":\"https:\/\/schema.org\",\"@graph\":[{\"@type\":\"WebPage\",\"@id\":\"https:\/\/dev3.alders.de\/fr\/produit\/otto-controls-drucktaster-p1-serie\/\",\"url\":\"https:\/\/dev3.alders.de\/fr\/produit\/otto-controls-drucktaster-p1-serie\/\",\"name\":\"OTTO Controls s\u00e9rie P1 - ALDERS electronic GmbH\",\"isPartOf\":{\"@id\":\"https:\/\/dev3.alders.de\/fr\/#website\"},\"datePublished\":\"2021-05-17T13:26:28+00:00\",\"dateModified\":\"2021-11-02T12:35:38+00:00\",\"breadcrumb\":{\"@id\":\"https:\/\/dev3.alders.de\/fr\/produit\/otto-controls-drucktaster-p1-serie\/#breadcrumb\"},\"inLanguage\":\"fr-FR\",\"potentialAction\":[{\"@type\":\"ReadAction\",\"target\":[\"https:\/\/dev3.alders.de\/fr\/produit\/otto-controls-drucktaster-p1-serie\/\"]}]},{\"@type\":\"BreadcrumbList\",\"@id\":\"https:\/\/dev3.alders.de\/fr\/produit\/otto-controls-drucktaster-p1-serie\/#breadcrumb\",\"itemListElement\":[{\"@type\":\"ListItem\",\"position\":1,\"name\":\"ALDERS\",\"item\":\"https:\/\/dev3.alders.de\/fr\/\"},{\"@type\":\"ListItem\",\"position\":2,\"name\":\"Catalogue\",\"item\":\"https:\/\/dev3.alders.de\/fr\/catalogue\/\"},{\"@type\":\"ListItem\",\"position\":3,\"name\":\"OTTO Controls s\u00e9rie P1\"}]},{\"@type\":\"WebSite\",\"@id\":\"https:\/\/dev3.alders.de\/fr\/#website\",\"url\":\"https:\/\/dev3.alders.de\/fr\/\",\"name\":\"ALDERS electronic GmbH\",\"description\":\"Der Spezialist f\u00fcr elektromechanische L\u00f6sungen\",\"publisher\":{\"@id\":\"https:\/\/dev3.alders.de\/fr\/#organization\"},\"potentialAction\":[{\"@type\":\"SearchAction\",\"target\":{\"@type\":\"EntryPoint\",\"urlTemplate\":\"https:\/\/dev3.alders.de\/fr\/?s={search_term_string}\"},\"query-input\":\"required name=search_term_string\"}],\"inLanguage\":\"fr-FR\"},{\"@type\":\"Organization\",\"@id\":\"https:\/\/dev3.alders.de\/fr\/#organization\",\"name\":\"ALDERS electronic GmbH\",\"url\":\"https:\/\/dev3.alders.de\/fr\/\",\"logo\":{\"@type\":\"ImageObject\",\"inLanguage\":\"fr-FR\",\"@id\":\"https:\/\/dev3.alders.de\/fr\/#\/schema\/logo\/image\/\",\"url\":\"https:\/\/dev3.alders.de\/wp-content\/uploads\/2023\/01\/SB-11A-00.pdf2021\/02\/alders-electronic-gmbh_logo.png\",\"contentUrl\":\"https:\/\/dev3.alders.de\/wp-content\/uploads\/2023\/01\/SB-11A-00.pdf2021\/02\/alders-electronic-gmbh_logo.png\",\"width\":270,\"height\":66,\"caption\":\"ALDERS electronic GmbH\"},\"image\":{\"@id\":\"https:\/\/dev3.alders.de\/fr\/#\/schema\/logo\/image\/\"},\"sameAs\":[\"https:\/\/www.facebook.com\/Alders.electronic\/\",\"https:\/\/de.linkedin.com\/company\/alders-electronic-gmbh\",\"https:\/\/www.youtube.com\/channel\/UC-hR66wsAmKOdY03IokrlzA\"]}]}<\/script>\n<!-- \/ Yoast SEO plugin. -->","yoast_head_json":{"title":"OTTO Controls s\u00e9rie P1 - ALDERS electronic GmbH","robots":{"index":"noindex","follow":"follow","max-snippet":"max-snippet:-1","max-image-preview":"max-image-preview:large","max-video-preview":"max-video-preview:-1"},"og_locale":"fr_FR","og_type":"article","og_title":"OTTO Controls s\u00e9rie P1 - ALDERS electronic GmbH","og_description":"Avec une dur\u00e9e de vie m\u00e9canique bien sup\u00e9rieure \u00e0 50 000 cycles, ce bouton-poussoir de la s\u00e9rie P1 d\u2019OTTO Controls d\u00e9passe la sp\u00e9cification MIL-PRF- 8805. Le m\u00e9canisme de commutation transmet tr\u00e8s rapidement, r\u00e9duit les arcs \u00e9lectriques et augmente la dur\u00e9e de vie des contacts. La fonction autonettoyante int\u00e9gr\u00e9e garantit une fiabilit\u00e9 extr\u00eame \u2013 \u00e0 chaque utilisation de l\u2019appareil.  Les boutons-poussoirs OTTO Controls de la s\u00e9rie P1 se distinguent par leur longue dur\u00e9e de vie, m\u00eame dans des conditions extr\u00eames. La haute \u00e9tanch\u00e9it\u00e9 de ce bouton poussoir aux sp\u00e9cifications (IP68S) et (MIL -PRF- 8805 Design 3) est assur\u00e9e par deux m\u00e9thodes : un manchon d\u2019interrupteur en silicone et des joints \u00e9poxy qui prot\u00e8gent les contacts.  Ce bouton-poussoir de la s\u00e9rie P1 d\u2019OTTO Controls est donc un bouton-poussoir de pr\u00e9cision de haute qualit\u00e9 qui peut \u00eatre utilis\u00e9 dans un large \u00e9ventail d\u2019applications et se caract\u00e9rise par sa pr\u00e9cision, sa r\u00e9sistance et sa longue dur\u00e9e de vie.","og_url":"https:\/\/dev3.alders.de\/fr\/produit\/otto-controls-drucktaster-p1-serie\/","og_site_name":"ALDERS electronic GmbH","article_publisher":"https:\/\/www.facebook.com\/Alders.electronic\/","article_modified_time":"2021-11-02T12:35:38+00:00","og_image":[{"width":120,"height":120,"url":"https:\/\/dev3.alders.de\/wp-content\/uploads\/2021\/05\/alders-drucktaster-otto-controls-p1.jpg","type":"image\/jpeg"}],"twitter_card":"summary_large_image","twitter_misc":{"Dur\u00e9e de lecture estim\u00e9e":"1 minute"},"schema":{"@context":"https:\/\/schema.org","@graph":[{"@type":"WebPage","@id":"https:\/\/dev3.alders.de\/fr\/produit\/otto-controls-drucktaster-p1-serie\/","url":"https:\/\/dev3.alders.de\/fr\/produit\/otto-controls-drucktaster-p1-serie\/","name":"OTTO Controls s\u00e9rie P1 - ALDERS electronic GmbH","isPartOf":{"@id":"https:\/\/dev3.alders.de\/fr\/#website"},"datePublished":"2021-05-17T13:26:28+00:00","dateModified":"2021-11-02T12:35:38+00:00","breadcrumb":{"@id":"https:\/\/dev3.alders.de\/fr\/produit\/otto-controls-drucktaster-p1-serie\/#breadcrumb"},"inLanguage":"fr-FR","potentialAction":[{"@type":"ReadAction","target":["https:\/\/dev3.alders.de\/fr\/produit\/otto-controls-drucktaster-p1-serie\/"]}]},{"@type":"BreadcrumbList","@id":"https:\/\/dev3.alders.de\/fr\/produit\/otto-controls-drucktaster-p1-serie\/#breadcrumb","itemListElement":[{"@type":"ListItem","position":1,"name":"ALDERS","item":"https:\/\/dev3.alders.de\/fr\/"},{"@type":"ListItem","position":2,"name":"Catalogue","item":"https:\/\/dev3.alders.de\/fr\/catalogue\/"},{"@type":"ListItem","position":3,"name":"OTTO Controls s\u00e9rie P1"}]},{"@type":"WebSite","@id":"https:\/\/dev3.alders.de\/fr\/#website","url":"https:\/\/dev3.alders.de\/fr\/","name":"ALDERS electronic GmbH","description":"Der Spezialist f\u00fcr elektromechanische L\u00f6sungen","publisher":{"@id":"https:\/\/dev3.alders.de\/fr\/#organization"},"potentialAction":[{"@type":"SearchAction","target":{"@type":"EntryPoint","urlTemplate":"https:\/\/dev3.alders.de\/fr\/?s={search_term_string}"},"query-input":"required name=search_term_string"}],"inLanguage":"fr-FR"},{"@type":"Organization","@id":"https:\/\/dev3.alders.de\/fr\/#organization","name":"ALDERS electronic GmbH","url":"https:\/\/dev3.alders.de\/fr\/","logo":{"@type":"ImageObject","inLanguage":"fr-FR","@id":"https:\/\/dev3.alders.de\/fr\/#\/schema\/logo\/image\/","url":"https:\/\/dev3.alders.de\/wp-content\/uploads\/2023\/01\/SB-11A-00.pdf2021\/02\/alders-electronic-gmbh_logo.png","contentUrl":"https:\/\/dev3.alders.de\/wp-content\/uploads\/2023\/01\/SB-11A-00.pdf2021\/02\/alders-electronic-gmbh_logo.png","width":270,"height":66,"caption":"ALDERS electronic GmbH"},"image":{"@id":"https:\/\/dev3.alders.de\/fr\/#\/schema\/logo\/image\/"},"sameAs":["https:\/\/www.facebook.com\/Alders.electronic\/","https:\/\/de.linkedin.com\/company\/alders-electronic-gmbh","https:\/\/www.youtube.com\/channel\/UC-hR66wsAmKOdY03IokrlzA"]}]}},"_links":{"self":[{"href":"https:\/\/dev3.alders.de\/fr\/wp-json\/wp\/v2\/product\/283823"}],"collection":[{"href":"https:\/\/dev3.alders.de\/fr\/wp-json\/wp\/v2\/product"}],"about":[{"href":"https:\/\/dev3.alders.de\/fr\/wp-json\/wp\/v2\/types\/product"}],"wp:featuredmedia":[{"embeddable":true,"href":"https:\/\/dev3.alders.de\/fr\/wp-json\/wp\/v2\/media\/281795"}],"wp:attachment":[{"href":"https:\/\/dev3.alders.de\/fr\/wp-json\/wp\/v2\/media?parent=283823"}],"wp:term":[{"taxonomy":"product_cat","embeddable":true,"href":"https:\/\/dev3.alders.de\/fr\/wp-json\/wp\/v2\/product_cat?post=283823"},{"taxonomy":"product_tag","embeddable":true,"href":"https:\/\/dev3.alders.de\/fr\/wp-json\/wp\/v2\/product_tag?post=283823"}],"curies":[{"name":"wp","href":"https:\/\/api.w.org\/{rel}","templated":true}]}}