{"id":283807,"date":"2021-05-21T13:43:48","date_gmt":"2021-05-21T11:43:48","guid":{"rendered":"https:\/\/alders.de\/product\/otto-controls-drucktaster-p7-d-serie\/"},"modified":"2021-11-02T13:14:21","modified_gmt":"2021-11-02T12:14:21","slug":"otto-controls-drucktaster-p7-d-serie","status":"publish","type":"product","link":"https:\/\/dev3.alders.de\/fr\/produit\/otto-controls-drucktaster-p7-d-serie\/","title":{"rendered":"OTTO Controls s\u00e9rie P7-D"},"content":{"rendered":"<ul>\n<li>Bo\u00eetier m\u00e9tallique, construction tr\u00e8s compacte<\/li>\n<li>dans le style appel\u00e9 \u201eD\u00f4me Style\u201c<\/li>\n<li>IP64 ou IP68<\/li>\n<\/ul>\n","protected":false},"excerpt":{"rendered":"<p>Le bouton-poussoir P7-D est livr\u00e9 avec une tr\u00e8s faible profondeur de montage. Disponible en diff\u00e9rentes versions, il est adapt\u00e9 \u00e0 une utilisation dans des conditions extr\u00eames.<\/p>\n","protected":false},"featured_media":281805,"template":"","meta":[],"product_cat":[397,386],"product_tag":[],"acf":[],"yoast_head":"<!-- This site is optimized with the Yoast SEO plugin v21.8 - https:\/\/yoast.com\/wordpress\/plugins\/seo\/ -->\n<title>OTTO Controls s\u00e9rie P7-D - ALDERS electronic GmbH<\/title>\n<meta name=\"robots\" content=\"noindex, follow, max-snippet:-1, max-image-preview:large, max-video-preview:-1\" \/>\n<meta property=\"og:locale\" content=\"fr_FR\" \/>\n<meta property=\"og:type\" content=\"article\" \/>\n<meta property=\"og:title\" content=\"OTTO Controls s\u00e9rie P7-D - ALDERS electronic GmbH\" \/>\n<meta property=\"og:description\" content=\"Le bouton-poussoir P7-D est livr\u00e9 avec une tr\u00e8s faible profondeur de montage. Disponible en diff\u00e9rentes versions, il est adapt\u00e9 \u00e0 une utilisation dans des conditions extr\u00eames.\" \/>\n<meta property=\"og:url\" content=\"https:\/\/dev3.alders.de\/fr\/produit\/otto-controls-drucktaster-p7-d-serie\/\" \/>\n<meta property=\"og:site_name\" content=\"ALDERS electronic GmbH\" \/>\n<meta property=\"article:publisher\" content=\"https:\/\/www.facebook.com\/Alders.electronic\/\" \/>\n<meta property=\"article:modified_time\" content=\"2021-11-02T12:14:21+00:00\" \/>\n<meta property=\"og:image\" content=\"https:\/\/dev3.alders.de\/wp-content\/uploads\/2021\/05\/alders-drucktaster-otto-controls-p7-d.jpg\" \/>\n\t<meta property=\"og:image:width\" content=\"120\" \/>\n\t<meta property=\"og:image:height\" content=\"120\" \/>\n\t<meta property=\"og:image:type\" content=\"image\/jpeg\" \/>\n<meta name=\"twitter:card\" content=\"summary_large_image\" \/>\n<meta name=\"twitter:label1\" content=\"Dur\u00e9e de lecture estim\u00e9e\" \/>\n\t<meta name=\"twitter:data1\" content=\"1 minute\" \/>\n<script type=\"application\/ld+json\" class=\"yoast-schema-graph\">{\"@context\":\"https:\/\/schema.org\",\"@graph\":[{\"@type\":\"WebPage\",\"@id\":\"https:\/\/dev3.alders.de\/fr\/produit\/otto-controls-drucktaster-p7-d-serie\/\",\"url\":\"https:\/\/dev3.alders.de\/fr\/produit\/otto-controls-drucktaster-p7-d-serie\/\",\"name\":\"OTTO Controls s\u00e9rie P7-D - ALDERS electronic GmbH\",\"isPartOf\":{\"@id\":\"https:\/\/dev3.alders.de\/fr\/#website\"},\"datePublished\":\"2021-05-21T11:43:48+00:00\",\"dateModified\":\"2021-11-02T12:14:21+00:00\",\"breadcrumb\":{\"@id\":\"https:\/\/dev3.alders.de\/fr\/produit\/otto-controls-drucktaster-p7-d-serie\/#breadcrumb\"},\"inLanguage\":\"fr-FR\",\"potentialAction\":[{\"@type\":\"ReadAction\",\"target\":[\"https:\/\/dev3.alders.de\/fr\/produit\/otto-controls-drucktaster-p7-d-serie\/\"]}]},{\"@type\":\"BreadcrumbList\",\"@id\":\"https:\/\/dev3.alders.de\/fr\/produit\/otto-controls-drucktaster-p7-d-serie\/#breadcrumb\",\"itemListElement\":[{\"@type\":\"ListItem\",\"position\":1,\"name\":\"ALDERS\",\"item\":\"https:\/\/dev3.alders.de\/fr\/\"},{\"@type\":\"ListItem\",\"position\":2,\"name\":\"Catalogue\",\"item\":\"https:\/\/dev3.alders.de\/fr\/catalogue\/\"},{\"@type\":\"ListItem\",\"position\":3,\"name\":\"OTTO Controls s\u00e9rie P7-D\"}]},{\"@type\":\"WebSite\",\"@id\":\"https:\/\/dev3.alders.de\/fr\/#website\",\"url\":\"https:\/\/dev3.alders.de\/fr\/\",\"name\":\"ALDERS electronic GmbH\",\"description\":\"Der Spezialist f\u00fcr elektromechanische L\u00f6sungen\",\"publisher\":{\"@id\":\"https:\/\/dev3.alders.de\/fr\/#organization\"},\"potentialAction\":[{\"@type\":\"SearchAction\",\"target\":{\"@type\":\"EntryPoint\",\"urlTemplate\":\"https:\/\/dev3.alders.de\/fr\/?s={search_term_string}\"},\"query-input\":\"required name=search_term_string\"}],\"inLanguage\":\"fr-FR\"},{\"@type\":\"Organization\",\"@id\":\"https:\/\/dev3.alders.de\/fr\/#organization\",\"name\":\"ALDERS electronic GmbH\",\"url\":\"https:\/\/dev3.alders.de\/fr\/\",\"logo\":{\"@type\":\"ImageObject\",\"inLanguage\":\"fr-FR\",\"@id\":\"https:\/\/dev3.alders.de\/fr\/#\/schema\/logo\/image\/\",\"url\":\"https:\/\/dev3.alders.de\/wp-content\/uploads\/2023\/01\/SB-11A-00.pdf2021\/02\/alders-electronic-gmbh_logo.png\",\"contentUrl\":\"https:\/\/dev3.alders.de\/wp-content\/uploads\/2023\/01\/SB-11A-00.pdf2021\/02\/alders-electronic-gmbh_logo.png\",\"width\":270,\"height\":66,\"caption\":\"ALDERS electronic GmbH\"},\"image\":{\"@id\":\"https:\/\/dev3.alders.de\/fr\/#\/schema\/logo\/image\/\"},\"sameAs\":[\"https:\/\/www.facebook.com\/Alders.electronic\/\",\"https:\/\/de.linkedin.com\/company\/alders-electronic-gmbh\",\"https:\/\/www.youtube.com\/channel\/UC-hR66wsAmKOdY03IokrlzA\"]}]}<\/script>\n<!-- \/ Yoast SEO plugin. -->","yoast_head_json":{"title":"OTTO Controls s\u00e9rie P7-D - ALDERS electronic GmbH","robots":{"index":"noindex","follow":"follow","max-snippet":"max-snippet:-1","max-image-preview":"max-image-preview:large","max-video-preview":"max-video-preview:-1"},"og_locale":"fr_FR","og_type":"article","og_title":"OTTO Controls s\u00e9rie P7-D - ALDERS electronic GmbH","og_description":"Le bouton-poussoir P7-D est livr\u00e9 avec une tr\u00e8s faible profondeur de montage. Disponible en diff\u00e9rentes versions, il est adapt\u00e9 \u00e0 une utilisation dans des conditions extr\u00eames.","og_url":"https:\/\/dev3.alders.de\/fr\/produit\/otto-controls-drucktaster-p7-d-serie\/","og_site_name":"ALDERS electronic GmbH","article_publisher":"https:\/\/www.facebook.com\/Alders.electronic\/","article_modified_time":"2021-11-02T12:14:21+00:00","og_image":[{"width":120,"height":120,"url":"https:\/\/dev3.alders.de\/wp-content\/uploads\/2021\/05\/alders-drucktaster-otto-controls-p7-d.jpg","type":"image\/jpeg"}],"twitter_card":"summary_large_image","twitter_misc":{"Dur\u00e9e de lecture estim\u00e9e":"1 minute"},"schema":{"@context":"https:\/\/schema.org","@graph":[{"@type":"WebPage","@id":"https:\/\/dev3.alders.de\/fr\/produit\/otto-controls-drucktaster-p7-d-serie\/","url":"https:\/\/dev3.alders.de\/fr\/produit\/otto-controls-drucktaster-p7-d-serie\/","name":"OTTO Controls s\u00e9rie P7-D - ALDERS electronic GmbH","isPartOf":{"@id":"https:\/\/dev3.alders.de\/fr\/#website"},"datePublished":"2021-05-21T11:43:48+00:00","dateModified":"2021-11-02T12:14:21+00:00","breadcrumb":{"@id":"https:\/\/dev3.alders.de\/fr\/produit\/otto-controls-drucktaster-p7-d-serie\/#breadcrumb"},"inLanguage":"fr-FR","potentialAction":[{"@type":"ReadAction","target":["https:\/\/dev3.alders.de\/fr\/produit\/otto-controls-drucktaster-p7-d-serie\/"]}]},{"@type":"BreadcrumbList","@id":"https:\/\/dev3.alders.de\/fr\/produit\/otto-controls-drucktaster-p7-d-serie\/#breadcrumb","itemListElement":[{"@type":"ListItem","position":1,"name":"ALDERS","item":"https:\/\/dev3.alders.de\/fr\/"},{"@type":"ListItem","position":2,"name":"Catalogue","item":"https:\/\/dev3.alders.de\/fr\/catalogue\/"},{"@type":"ListItem","position":3,"name":"OTTO Controls s\u00e9rie P7-D"}]},{"@type":"WebSite","@id":"https:\/\/dev3.alders.de\/fr\/#website","url":"https:\/\/dev3.alders.de\/fr\/","name":"ALDERS electronic GmbH","description":"Der Spezialist f\u00fcr elektromechanische L\u00f6sungen","publisher":{"@id":"https:\/\/dev3.alders.de\/fr\/#organization"},"potentialAction":[{"@type":"SearchAction","target":{"@type":"EntryPoint","urlTemplate":"https:\/\/dev3.alders.de\/fr\/?s={search_term_string}"},"query-input":"required name=search_term_string"}],"inLanguage":"fr-FR"},{"@type":"Organization","@id":"https:\/\/dev3.alders.de\/fr\/#organization","name":"ALDERS electronic GmbH","url":"https:\/\/dev3.alders.de\/fr\/","logo":{"@type":"ImageObject","inLanguage":"fr-FR","@id":"https:\/\/dev3.alders.de\/fr\/#\/schema\/logo\/image\/","url":"https:\/\/dev3.alders.de\/wp-content\/uploads\/2023\/01\/SB-11A-00.pdf2021\/02\/alders-electronic-gmbh_logo.png","contentUrl":"https:\/\/dev3.alders.de\/wp-content\/uploads\/2023\/01\/SB-11A-00.pdf2021\/02\/alders-electronic-gmbh_logo.png","width":270,"height":66,"caption":"ALDERS electronic GmbH"},"image":{"@id":"https:\/\/dev3.alders.de\/fr\/#\/schema\/logo\/image\/"},"sameAs":["https:\/\/www.facebook.com\/Alders.electronic\/","https:\/\/de.linkedin.com\/company\/alders-electronic-gmbh","https:\/\/www.youtube.com\/channel\/UC-hR66wsAmKOdY03IokrlzA"]}]}},"_links":{"self":[{"href":"https:\/\/dev3.alders.de\/fr\/wp-json\/wp\/v2\/product\/283807"}],"collection":[{"href":"https:\/\/dev3.alders.de\/fr\/wp-json\/wp\/v2\/product"}],"about":[{"href":"https:\/\/dev3.alders.de\/fr\/wp-json\/wp\/v2\/types\/product"}],"wp:featuredmedia":[{"embeddable":true,"href":"https:\/\/dev3.alders.de\/fr\/wp-json\/wp\/v2\/media\/281805"}],"wp:attachment":[{"href":"https:\/\/dev3.alders.de\/fr\/wp-json\/wp\/v2\/media?parent=283807"}],"wp:term":[{"taxonomy":"product_cat","embeddable":true,"href":"https:\/\/dev3.alders.de\/fr\/wp-json\/wp\/v2\/product_cat?post=283807"},{"taxonomy":"product_tag","embeddable":true,"href":"https:\/\/dev3.alders.de\/fr\/wp-json\/wp\/v2\/product_tag?post=283807"}],"curies":[{"name":"wp","href":"https:\/\/api.w.org\/{rel}","templated":true}]}}