{"id":283805,"date":"2021-05-21T13:44:16","date_gmt":"2021-05-21T11:44:16","guid":{"rendered":"https:\/\/alders.de\/product\/otto-controls-drucktaster-p8-serie\/"},"modified":"2021-11-02T13:09:39","modified_gmt":"2021-11-02T12:09:39","slug":"otto-controls-drucktaster-p8-serie","status":"publish","type":"product","link":"https:\/\/dev3.alders.de\/fr\/produit\/otto-controls-drucktaster-p8-serie\/","title":{"rendered":"OTTO Controls s\u00e9rie P8"},"content":{"rendered":"<ul>\n<li>installation tr\u00e8s compacte<\/li>\n<li>Etanch\u00e9it\u00e9 jusqu\u2019\u00e0 IP68<\/li>\n<li>diff\u00e9rentes forces d\u2019actionnement possibles<\/li>\n<li>disponible avec interrupteur \u201epush-pull\u201c<\/li>\n<li>application typique : sport automobile<\/li>\n<\/ul>\n","protected":false},"excerpt":{"rendered":"<p>Les boutons poussoirs de la s\u00e9rie P8 sont disponibles en diff\u00e9rentes versions. Ils se caract\u00e9risent par une r\u00e9sistance extr\u00eame et une faible profondeur de montage. Les caract\u00e9ristiques de puissance correspondent \u00e0 celles des boutons poussoirs des s\u00e9ries P1 et P3.<\/p>\n","protected":false},"featured_media":281806,"template":"","meta":[],"product_cat":[397,386],"product_tag":[],"acf":[],"yoast_head":"<!-- This site is optimized with the Yoast SEO plugin v21.8 - https:\/\/yoast.com\/wordpress\/plugins\/seo\/ -->\n<title>OTTO Controls s\u00e9rie P8 - ALDERS electronic GmbH<\/title>\n<meta name=\"robots\" content=\"noindex, follow, max-snippet:-1, max-image-preview:large, max-video-preview:-1\" \/>\n<meta property=\"og:locale\" content=\"fr_FR\" \/>\n<meta property=\"og:type\" content=\"article\" \/>\n<meta property=\"og:title\" content=\"OTTO Controls s\u00e9rie P8 - ALDERS electronic GmbH\" \/>\n<meta property=\"og:description\" content=\"Les boutons poussoirs de la s\u00e9rie P8 sont disponibles en diff\u00e9rentes versions. Ils se caract\u00e9risent par une r\u00e9sistance extr\u00eame et une faible profondeur de montage. Les caract\u00e9ristiques de puissance correspondent \u00e0 celles des boutons poussoirs des s\u00e9ries P1 et P3.\" \/>\n<meta property=\"og:url\" content=\"https:\/\/dev3.alders.de\/fr\/produit\/otto-controls-drucktaster-p8-serie\/\" \/>\n<meta property=\"og:site_name\" content=\"ALDERS electronic GmbH\" \/>\n<meta property=\"article:publisher\" content=\"https:\/\/www.facebook.com\/Alders.electronic\/\" \/>\n<meta property=\"article:modified_time\" content=\"2021-11-02T12:09:39+00:00\" \/>\n<meta property=\"og:image\" content=\"https:\/\/dev3.alders.de\/wp-content\/uploads\/2021\/05\/alders-drucktaster-otto-controls-p8.jpg\" \/>\n\t<meta property=\"og:image:width\" content=\"120\" \/>\n\t<meta property=\"og:image:height\" content=\"120\" \/>\n\t<meta property=\"og:image:type\" content=\"image\/jpeg\" \/>\n<meta name=\"twitter:card\" content=\"summary_large_image\" \/>\n<meta name=\"twitter:label1\" content=\"Dur\u00e9e de lecture estim\u00e9e\" \/>\n\t<meta name=\"twitter:data1\" content=\"1 minute\" \/>\n<script type=\"application\/ld+json\" class=\"yoast-schema-graph\">{\"@context\":\"https:\/\/schema.org\",\"@graph\":[{\"@type\":\"WebPage\",\"@id\":\"https:\/\/dev3.alders.de\/fr\/produit\/otto-controls-drucktaster-p8-serie\/\",\"url\":\"https:\/\/dev3.alders.de\/fr\/produit\/otto-controls-drucktaster-p8-serie\/\",\"name\":\"OTTO Controls s\u00e9rie P8 - ALDERS electronic GmbH\",\"isPartOf\":{\"@id\":\"https:\/\/dev3.alders.de\/fr\/#website\"},\"datePublished\":\"2021-05-21T11:44:16+00:00\",\"dateModified\":\"2021-11-02T12:09:39+00:00\",\"breadcrumb\":{\"@id\":\"https:\/\/dev3.alders.de\/fr\/produit\/otto-controls-drucktaster-p8-serie\/#breadcrumb\"},\"inLanguage\":\"fr-FR\",\"potentialAction\":[{\"@type\":\"ReadAction\",\"target\":[\"https:\/\/dev3.alders.de\/fr\/produit\/otto-controls-drucktaster-p8-serie\/\"]}]},{\"@type\":\"BreadcrumbList\",\"@id\":\"https:\/\/dev3.alders.de\/fr\/produit\/otto-controls-drucktaster-p8-serie\/#breadcrumb\",\"itemListElement\":[{\"@type\":\"ListItem\",\"position\":1,\"name\":\"ALDERS\",\"item\":\"https:\/\/dev3.alders.de\/fr\/\"},{\"@type\":\"ListItem\",\"position\":2,\"name\":\"Catalogue\",\"item\":\"https:\/\/dev3.alders.de\/fr\/catalogue\/\"},{\"@type\":\"ListItem\",\"position\":3,\"name\":\"OTTO Controls s\u00e9rie P8\"}]},{\"@type\":\"WebSite\",\"@id\":\"https:\/\/dev3.alders.de\/fr\/#website\",\"url\":\"https:\/\/dev3.alders.de\/fr\/\",\"name\":\"ALDERS electronic GmbH\",\"description\":\"Der Spezialist f\u00fcr elektromechanische L\u00f6sungen\",\"publisher\":{\"@id\":\"https:\/\/dev3.alders.de\/fr\/#organization\"},\"potentialAction\":[{\"@type\":\"SearchAction\",\"target\":{\"@type\":\"EntryPoint\",\"urlTemplate\":\"https:\/\/dev3.alders.de\/fr\/?s={search_term_string}\"},\"query-input\":\"required name=search_term_string\"}],\"inLanguage\":\"fr-FR\"},{\"@type\":\"Organization\",\"@id\":\"https:\/\/dev3.alders.de\/fr\/#organization\",\"name\":\"ALDERS electronic GmbH\",\"url\":\"https:\/\/dev3.alders.de\/fr\/\",\"logo\":{\"@type\":\"ImageObject\",\"inLanguage\":\"fr-FR\",\"@id\":\"https:\/\/dev3.alders.de\/fr\/#\/schema\/logo\/image\/\",\"url\":\"https:\/\/dev3.alders.de\/wp-content\/uploads\/2023\/01\/SB-11A-00.pdf2021\/02\/alders-electronic-gmbh_logo.png\",\"contentUrl\":\"https:\/\/dev3.alders.de\/wp-content\/uploads\/2023\/01\/SB-11A-00.pdf2021\/02\/alders-electronic-gmbh_logo.png\",\"width\":270,\"height\":66,\"caption\":\"ALDERS electronic GmbH\"},\"image\":{\"@id\":\"https:\/\/dev3.alders.de\/fr\/#\/schema\/logo\/image\/\"},\"sameAs\":[\"https:\/\/www.facebook.com\/Alders.electronic\/\",\"https:\/\/de.linkedin.com\/company\/alders-electronic-gmbh\",\"https:\/\/www.youtube.com\/channel\/UC-hR66wsAmKOdY03IokrlzA\"]}]}<\/script>\n<!-- \/ Yoast SEO plugin. -->","yoast_head_json":{"title":"OTTO Controls s\u00e9rie P8 - ALDERS electronic GmbH","robots":{"index":"noindex","follow":"follow","max-snippet":"max-snippet:-1","max-image-preview":"max-image-preview:large","max-video-preview":"max-video-preview:-1"},"og_locale":"fr_FR","og_type":"article","og_title":"OTTO Controls s\u00e9rie P8 - ALDERS electronic GmbH","og_description":"Les boutons poussoirs de la s\u00e9rie P8 sont disponibles en diff\u00e9rentes versions. Ils se caract\u00e9risent par une r\u00e9sistance extr\u00eame et une faible profondeur de montage. Les caract\u00e9ristiques de puissance correspondent \u00e0 celles des boutons poussoirs des s\u00e9ries P1 et P3.","og_url":"https:\/\/dev3.alders.de\/fr\/produit\/otto-controls-drucktaster-p8-serie\/","og_site_name":"ALDERS electronic GmbH","article_publisher":"https:\/\/www.facebook.com\/Alders.electronic\/","article_modified_time":"2021-11-02T12:09:39+00:00","og_image":[{"width":120,"height":120,"url":"https:\/\/dev3.alders.de\/wp-content\/uploads\/2021\/05\/alders-drucktaster-otto-controls-p8.jpg","type":"image\/jpeg"}],"twitter_card":"summary_large_image","twitter_misc":{"Dur\u00e9e de lecture estim\u00e9e":"1 minute"},"schema":{"@context":"https:\/\/schema.org","@graph":[{"@type":"WebPage","@id":"https:\/\/dev3.alders.de\/fr\/produit\/otto-controls-drucktaster-p8-serie\/","url":"https:\/\/dev3.alders.de\/fr\/produit\/otto-controls-drucktaster-p8-serie\/","name":"OTTO Controls s\u00e9rie P8 - ALDERS electronic GmbH","isPartOf":{"@id":"https:\/\/dev3.alders.de\/fr\/#website"},"datePublished":"2021-05-21T11:44:16+00:00","dateModified":"2021-11-02T12:09:39+00:00","breadcrumb":{"@id":"https:\/\/dev3.alders.de\/fr\/produit\/otto-controls-drucktaster-p8-serie\/#breadcrumb"},"inLanguage":"fr-FR","potentialAction":[{"@type":"ReadAction","target":["https:\/\/dev3.alders.de\/fr\/produit\/otto-controls-drucktaster-p8-serie\/"]}]},{"@type":"BreadcrumbList","@id":"https:\/\/dev3.alders.de\/fr\/produit\/otto-controls-drucktaster-p8-serie\/#breadcrumb","itemListElement":[{"@type":"ListItem","position":1,"name":"ALDERS","item":"https:\/\/dev3.alders.de\/fr\/"},{"@type":"ListItem","position":2,"name":"Catalogue","item":"https:\/\/dev3.alders.de\/fr\/catalogue\/"},{"@type":"ListItem","position":3,"name":"OTTO Controls s\u00e9rie P8"}]},{"@type":"WebSite","@id":"https:\/\/dev3.alders.de\/fr\/#website","url":"https:\/\/dev3.alders.de\/fr\/","name":"ALDERS electronic GmbH","description":"Der Spezialist f\u00fcr elektromechanische L\u00f6sungen","publisher":{"@id":"https:\/\/dev3.alders.de\/fr\/#organization"},"potentialAction":[{"@type":"SearchAction","target":{"@type":"EntryPoint","urlTemplate":"https:\/\/dev3.alders.de\/fr\/?s={search_term_string}"},"query-input":"required name=search_term_string"}],"inLanguage":"fr-FR"},{"@type":"Organization","@id":"https:\/\/dev3.alders.de\/fr\/#organization","name":"ALDERS electronic GmbH","url":"https:\/\/dev3.alders.de\/fr\/","logo":{"@type":"ImageObject","inLanguage":"fr-FR","@id":"https:\/\/dev3.alders.de\/fr\/#\/schema\/logo\/image\/","url":"https:\/\/dev3.alders.de\/wp-content\/uploads\/2023\/01\/SB-11A-00.pdf2021\/02\/alders-electronic-gmbh_logo.png","contentUrl":"https:\/\/dev3.alders.de\/wp-content\/uploads\/2023\/01\/SB-11A-00.pdf2021\/02\/alders-electronic-gmbh_logo.png","width":270,"height":66,"caption":"ALDERS electronic GmbH"},"image":{"@id":"https:\/\/dev3.alders.de\/fr\/#\/schema\/logo\/image\/"},"sameAs":["https:\/\/www.facebook.com\/Alders.electronic\/","https:\/\/de.linkedin.com\/company\/alders-electronic-gmbh","https:\/\/www.youtube.com\/channel\/UC-hR66wsAmKOdY03IokrlzA"]}]}},"_links":{"self":[{"href":"https:\/\/dev3.alders.de\/fr\/wp-json\/wp\/v2\/product\/283805"}],"collection":[{"href":"https:\/\/dev3.alders.de\/fr\/wp-json\/wp\/v2\/product"}],"about":[{"href":"https:\/\/dev3.alders.de\/fr\/wp-json\/wp\/v2\/types\/product"}],"wp:featuredmedia":[{"embeddable":true,"href":"https:\/\/dev3.alders.de\/fr\/wp-json\/wp\/v2\/media\/281806"}],"wp:attachment":[{"href":"https:\/\/dev3.alders.de\/fr\/wp-json\/wp\/v2\/media?parent=283805"}],"wp:term":[{"taxonomy":"product_cat","embeddable":true,"href":"https:\/\/dev3.alders.de\/fr\/wp-json\/wp\/v2\/product_cat?post=283805"},{"taxonomy":"product_tag","embeddable":true,"href":"https:\/\/dev3.alders.de\/fr\/wp-json\/wp\/v2\/product_tag?post=283805"}],"curies":[{"name":"wp","href":"https:\/\/api.w.org\/{rel}","templated":true}]}}