{"id":281055,"date":"2021-03-05T14:06:44","date_gmt":"2021-03-05T13:06:44","guid":{"rendered":"https:\/\/dev2.alders.de\/produits\/bouton-de-commutation\/not-halt-taster\/"},"modified":"2023-08-11T12:48:52","modified_gmt":"2023-08-11T10:48:52","slug":"bouton-urgence","status":"publish","type":"page","link":"https:\/\/dev3.alders.de\/fr\/produits\/bouton-de-commutation\/bouton-urgence\/","title":{"rendered":"Bouton d\u2019arr\u00eat d\u2019urgence"},"content":{"rendered":"<div class=\"wpb-content-wrapper\"><p>[vc_row full_width=\u00a0\u00bbstretch_row\u00a0\u00bb el_class=\u00a0\u00bbsection-grauverlauf\u00a0\u00bb][vc_column][vc_column_text]<\/p>\n<h2 style=\"text-align: center;\">Bouton d\u2019arr\u00eat d\u2019urgence pour machines et installations<\/h2>\n<p>[\/vc_column_text][vc_row_inner][vc_column_inner width=\u00a0\u00bb1\/2&Prime;][vc_column_text]Vous trouverez chez Alders des boutons d\u2019arr\u00eat d\u2019urgence fiables et s\u00fbrs. Les interrupteurs d\u2019arr\u00eat d\u2019urgence permettent d\u2019arr\u00eater des mouvements dangereux de machines.<\/p>\n<p>Pour satisfaire notre exigence qualit\u00e9, nous misons sur les boutons d\u2019arr\u00eat d\u2019urgence de notre partenaire premium NKK Switches. Le bouton d\u2019arr\u00eat d\u2019urgence FF01,\u00e9galement appel\u00e9 E-Stop-Switch, est le bouton d\u2019arr\u00eat d\u2019urgence le plus court de sa cat\u00e9gorie.[\/vc_column_text][\/vc_column_inner][vc_column_inner width=\u00a0\u00bb1\/2&Prime;][vc_column_text]NKK Switches FF01 S\u00e9ries Bouton d\u2019arr\u00eat d\u2019urgence E-Stop<\/p>\n<ul>\n<li>Avec 13.6 mm de profondeur de montage, il est le plus court de sa cat\u00e9gorie<\/li>\n<li>Deux m\u00e9thodes de r\u00e9initialisation\u00a0: tirer ou tourner<\/li>\n<li>Le m\u00e9canisme d\u2019\u00e9tanch\u00e9it\u00e9 du plateau frontal satisfait aux exigences de la Norme IEC 60529 IP65<\/li>\n<li>25 mm et 30 mm de diam\u00e8tre<\/li>\n<\/ul>\n<p>[\/vc_column_text][\/vc_column_inner][\/vc_row_inner][\/vc_column][\/vc_row][vc_row full_width=\u00a0\u00bbstretch_row\u00a0\u00bb el_class=\u00a0\u00bbsection-grauverlauf\u00a0\u00bb][vc_column][vc_column_text]<\/p>\n<h2 style=\"text-align: center;\">Boutons d\u2019arr\u00eat d\u2019urgence de ALDERS et son partenaire Premium<\/h2>\n<p>[\/vc_column_text][vc_column_text]NKK Switches fait partie de nos partenaires Premium et est le premier fabricant de produits de commutation. Il poss\u00e8de une qualification optimale pour la fabrication de produits de haute qualit\u00e9 avec une longue dur\u00e9e de vie.<\/p>\n<p>Ce sont ces caract\u00e9ristiques qui valorisent les boutons d\u2019arr\u00eat d\u2019urgence et les autres produits de notre partenaire de distribution.[\/vc_column_text][vc_column_text]<div id=\"products-card\"><div class=\"card produkt\"><div class=\"card-body\"><div class=\"container-fluid\"><div class=\"row\"><div class=\"order-0 col-sm-6 col-md-5 col-lg-4 order-xl-0 col-xl-3 pb-4 pb-sm-0 d-flex flex-column align-items-center\"><a href=\"https:\/\/dev3.alders.de\/fr\/produit\/nkk-switches-not-halt-taster-ff01-series-e-stop\/\"><img loading=\"lazy\" decoding=\"async\" width=\"153\" height=\"179\" src=\"https:\/\/dev3.alders.de\/wp-content\/uploads\/2021\/06\/alders-NKK-Not-Halt-Taster.jpg\" class=\"attachment-medium size-medium wp-post-image\" alt=\"\" \/><\/a><\/div><div class=\"order-2 col-sm-12 pt-sm-5 pb-sm-5 pt-xl-0 pb-xl-0 order-xl-1 col-xl-5 pb-4 pb-sm-0 d-flex flex-column\"><h2 class=\"card-title\"><a href=\"https:\/\/dev3.alders.de\/fr\/produit\/nkk-switches-not-halt-taster-ff01-series-e-stop\/\">NKK Switches FF01 s\u00e9ries Bouton d\u2019arr\u00eat d\u2019urgence E-Stop<\/a><\/h2><ul>\n<li>Avec 13.6 mm de profondeur de montage, il est le plus court de sa cat\u00e9gorie<\/li>\n<li>Deux m\u00e9thodes de r\u00e9initialisation\u00a0: tirer ou tourner<\/li>\n<li>Le m\u00e9canisme d\u2019\u00e9tanch\u00e9it\u00e9 du plateau frontal satisfait aux exigences de la Norme IEC 60529 IP65<\/li>\n<li>25 mm et 30 mm de diam\u00e8tr<\/li>\n<\/ul>\n<\/div><div class=\"order-1 col-sm-6 col-md-7 col-lg-8 order-xl-2 col-xl-4 mb-4 mb-sm-0 d-flex flex-column align-items-center\"><a href=\"https:\/\/dev3.alders.de\/fr\/produit\/nkk-switches-not-halt-taster-ff01-series-e-stop\/\" class=\"btn btn-primary btn-block btn-product-details\">Afficher les d\u00e9tails du produit<\/a><button type=\"button\" class=\"btn btn-primary btn-block btn-inquire-now\" data-toggle=\"modal\" data-target=\"#inquire-now-58\" data-subject=\"Demande de produits: NKK Switches FF01 s\u00e9ries Bouton d\u2019arr\u00eat d\u2019urgence E-Stop\"><i class=\"fas fa-comment\"><\/i>Demander maintenant<\/button><a href=\"https:\/\/dev3.alders.de\/wp-content\/uploads\/2021\/06\/FF01-EN-EU-FINAL.pdf\" target=\"_blank\" rel=\"noopener noreferrer\" class=\"btn btn-primary btn-block btn-data-sheet\"><i class=\"fas fa-file\"><\/i>FF01 s\u00e9ries Bouton d\u2019arr\u00eat d\u2019urgence E-Stop (English)<\/a><a href=\"https:\/\/dev3.alders.de\/wp-content\/uploads\/2021\/06\/FF01-DE-EU-FINAL.pdf\" target=\"_blank\" rel=\"noopener noreferrer\" class=\"btn btn-primary btn-block btn-data-sheet\"><i class=\"fas fa-file\"><\/i>FF01 s\u00e9ries Bouton d\u2019arr\u00eat d\u2019urgence E-Stop (German)<\/a><\/div><\/div><\/div><\/div><\/div><div class=\"modal fade inquire-now\" id=\"inquire-now-58\" tabindex=\"-1\" aria-hidden=\"true\"><div class=\"modal-dialog modal-dialog-scrollable modal-dialog-centered modal-lg\"><div class=\"modal-content\"><div class=\"modal-body\"><div class=\"container-fluid\"><div class=\"row\"><div class=\"col-12\"><button type=\"button\" class=\"close\" data-dismiss=\"modal\" aria-label=\"Schlie\u00dfen\"><span aria-hidden=\"true\">&times;<\/span><\/button><\/div><div class=\"col-12 text-center\"><p class=\"mb-4 h3\">Demande de produit<\/p><\/div><div class=\"col-12\"><div class=\"BorlabsCookie _brlbs-cb-google-recaptcha\"><div class=\"_brlbs-content-blocker\"> <div class=\"_brlbs-default\"> <p>Cliquez sur le bouton ci-dessous pour charger le formulaire de contact avec Google reCaptcha.<\/p> <p><a class=\"_brlbs-btn\" href=\"#\" data-borlabs-cookie-unblock role=\"button\">T\u00e9l\u00e9charger le formulaire de contact<\/a><\/p> <\/div> <\/div><div class=\"borlabs-hide\" data-borlabs-cookie-type=\"content-blocker\" data-borlabs-cookie-id=\"google-recaptcha\"><script type=\"text\/template\">PGRpdiByb2xlPSJmb3JtIiBjbGFzcz0id3BjZjciIGlkPSJ3cGNmNy1mMjgxMjYyLW8xIiBsYW5nPSJmci1GUiIgZGlyPSJsdHIiPgo8ZGl2IGNsYXNzPSJzY3JlZW4tcmVhZGVyLXJlc3BvbnNlIj48cCByb2xlPSJzdGF0dXMiIGFyaWEtbGl2ZT0icG9saXRlIiBhcmlhLWF0b21pYz0idHJ1ZSI+PC9wPiA8dWw+PC91bD48L2Rpdj4KPGZvcm0gYWN0aW9uPSIvZnIvd3AtanNvbi93cC92Mi9wYWdlcy8yODEwNTUjd3BjZjctZjI4MTI2Mi1vMSIgbWV0aG9kPSJwb3N0IiBjbGFzcz0id3BjZjctZm9ybSBpbml0IiBub3ZhbGlkYXRlPSJub3ZhbGlkYXRlIiBkYXRhLXN0YXR1cz0iaW5pdCI+CjxkaXYgc3R5bGU9ImRpc3BsYXk6IG5vbmU7Ij4KPGlucHV0IHR5cGU9ImhpZGRlbiIgbmFtZT0iX3dwY2Y3IiB2YWx1ZT0iMjgxMjYyIiAvPgo8aW5wdXQgdHlwZT0iaGlkZGVuIiBuYW1lPSJfd3BjZjdfdmVyc2lvbiIgdmFsdWU9IjUuMy4yIiAvPgo8aW5wdXQgdHlwZT0iaGlkZGVuIiBuYW1lPSJfd3BjZjdfbG9jYWxlIiB2YWx1ZT0iZnJfRlIiIC8+CjxpbnB1dCB0eXBlPSJoaWRkZW4iIG5hbWU9Il93cGNmN191bml0X3RhZyIgdmFsdWU9IndwY2Y3LWYyODEyNjItbzEiIC8+CjxpbnB1dCB0eXBlPSJoaWRkZW4iIG5hbWU9Il93cGNmN19jb250YWluZXJfcG9zdCIgdmFsdWU9IjAiIC8+CjxpbnB1dCB0eXBlPSJoaWRkZW4iIG5hbWU9Il93cGNmN19wb3N0ZWRfZGF0YV9oYXNoIiB2YWx1ZT0iIiAvPgo8aW5wdXQgdHlwZT0iaGlkZGVuIiBuYW1lPSJfd3BjZjdfcmVjYXB0Y2hhX3Jlc3BvbnNlIiB2YWx1ZT0iIiAvPgo8L2Rpdj4KPGRpdiBjbGFzcz0iZm9ybS1yb3ciPgo8ZGl2IGNsYXNzPSJmb3JtLWdyb3VwIGNvbCI+Cgk8c3BhbiBjbGFzcz0id3BjZjctZm9ybS1jb250cm9sLXdyYXAgc3ViamVjdCI+PGlucHV0IHR5cGU9InRleHQiIG5hbWU9InN1YmplY3QiIHZhbHVlPSIiIHNpemU9IjQwIiBjbGFzcz0id3BjZjctZm9ybS1jb250cm9sIHdwY2Y3LXRleHQgd3BjZjctdmFsaWRhdGVzLWFzLXJlcXVpcmVkIGZvcm0tY29udHJvbCIgaWQ9InN1YmplY3QiIHJlYWRvbmx5PSJyZWFkb25seSIgYXJpYS1yZXF1aXJlZD0idHJ1ZSIgYXJpYS1pbnZhbGlkPSJmYWxzZSIgLz48L3NwYW4+Cgk8L2Rpdj4KPC9kaXY+CjxkaXYgY2xhc3M9ImZvcm0tZ3JvdXAgZm9ybS1yb3ciPgo8ZGl2IGNsYXNzPSJjb2wtc20tNiI+CiAgICAgIDxzcGFuIGNsYXNzPSJ3cGNmNy1mb3JtLWNvbnRyb2wtd3JhcCBrb250YWt0LWZpcm1hIj48aW5wdXQgdHlwZT0idGV4dCIgbmFtZT0ia29udGFrdC1maXJtYSIgdmFsdWU9IiIgc2l6ZT0iNDAiIGNsYXNzPSJ3cGNmNy1mb3JtLWNvbnRyb2wgd3BjZjctdGV4dCB3cGNmNy12YWxpZGF0ZXMtYXMtcmVxdWlyZWQgZm9ybS1jb250cm9sIHN0b3JlZCIgaWQ9InZvcm5hbWUiIGFyaWEtcmVxdWlyZWQ9InRydWUiIGFyaWEtaW52YWxpZD0iZmFsc2UiIHBsYWNlaG9sZGVyPSJFbnRyZXByaXNlKiIgLz48L3NwYW4+CiAgICA8L2Rpdj4KPC9kaXY+CjxkaXYgY2xhc3M9ImZvcm0tZ3JvdXAgZm9ybS1yb3ciPgo8ZGl2IGNsYXNzPSJjb2wtc20tNiI+CiAgICAgIDxzcGFuIGNsYXNzPSJ3cGNmNy1mb3JtLWNvbnRyb2wtd3JhcCBrb250YWt0LXRpdGxlIj48c3BhbiBjbGFzcz0id3BjZjctZm9ybS1jb250cm9sIHdwY2Y3LXJhZGlvIGZvcm0tY29udHJvbCBzdG9yZWQiIGlkPSJ0aXRsZSI+PHNwYW4gY2xhc3M9IndwY2Y3LWxpc3QtaXRlbSBmaXJzdCI+PGxhYmVsPjxpbnB1dCB0eXBlPSJyYWRpbyIgbmFtZT0ia29udGFrdC10aXRsZSIgdmFsdWU9Ik1vbnNpZXVyKiIgY2hlY2tlZD0iY2hlY2tlZCIgLz48c3BhbiBjbGFzcz0id3BjZjctbGlzdC1pdGVtLWxhYmVsIj5Nb25zaWV1cio8L3NwYW4+PC9sYWJlbD48L3NwYW4+PHNwYW4gY2xhc3M9IndwY2Y3LWxpc3QtaXRlbSBsYXN0Ij48bGFiZWw+PGlucHV0IHR5cGU9InJhZGlvIiBuYW1lPSJrb250YWt0LXRpdGxlIiB2YWx1ZT0iTWFkYW1lKiIgLz48c3BhbiBjbGFzcz0id3BjZjctbGlzdC1pdGVtLWxhYmVsIj5NYWRhbWUqPC9zcGFuPjwvbGFiZWw+PC9zcGFuPjwvc3Bhbj48L3NwYW4+CiAgICA8L2Rpdj4KPC9kaXY+CjxkaXYgY2xhc3M9ImZvcm0tZ3JvdXAgZm9ybS1yb3ciPgo8ZGl2IGNsYXNzPSJjb2wtc20tNiI+CiAgICAgIDxzcGFuIGNsYXNzPSJ3cGNmNy1mb3JtLWNvbnRyb2wtd3JhcCBrb250YWt0LXZvcm5hbWUiPjxpbnB1dCB0eXBlPSJ0ZXh0IiBuYW1lPSJrb250YWt0LXZvcm5hbWUiIHZhbHVlPSIiIHNpemU9IjQwIiBjbGFzcz0id3BjZjctZm9ybS1jb250cm9sIHdwY2Y3LXRleHQgd3BjZjctdmFsaWRhdGVzLWFzLXJlcXVpcmVkIGZvcm0tY29udHJvbCBzdG9yZWQiIGlkPSJuYW1lIiBhcmlhLXJlcXVpcmVkPSJ0cnVlIiBhcmlhLWludmFsaWQ9ImZhbHNlIiBwbGFjZWhvbGRlcj0iUHLDqW5vbSoiIC8+PC9zcGFuPgogICAgPC9kaXY+CjxkaXYgY2xhc3M9ImNvbC1zbS02Ij4KICAgICAgPHNwYW4gY2xhc3M9IndwY2Y3LWZvcm0tY29udHJvbC13cmFwIGtvbnRha3QtbmFtZSI+PGlucHV0IHR5cGU9InRleHQiIG5hbWU9ImtvbnRha3QtbmFtZSIgdmFsdWU9IiIgc2l6ZT0iNDAiIGNsYXNzPSJ3cGNmNy1mb3JtLWNvbnRyb2wgd3BjZjctdGV4dCB3cGNmNy12YWxpZGF0ZXMtYXMtcmVxdWlyZWQgZm9ybS1jb250cm9sIHN0b3JlZCIgaWQ9Im5hbWUiIGFyaWEtcmVxdWlyZWQ9InRydWUiIGFyaWEtaW52YWxpZD0iZmFsc2UiIHBsYWNlaG9sZGVyPSJOb20qIiAvPjwvc3Bhbj4KICAgIDwvZGl2Pgo8L2Rpdj4KPGRpdiBjbGFzcz0iZm9ybS1yb3ciPgo8ZGl2IGNsYXNzPSJmb3JtLWdyb3VwIGNvbC1tZC02Ij4KCTxzcGFuIGNsYXNzPSJ3cGNmNy1mb3JtLWNvbnRyb2wtd3JhcCBrb250YWt0LWVtYWlsIj48aW5wdXQgdHlwZT0iZW1haWwiIG5hbWU9ImtvbnRha3QtZW1haWwiIHZhbHVlPSIiIHNpemU9IjQwIiBjbGFzcz0id3BjZjctZm9ybS1jb250cm9sIHdwY2Y3LXRleHQgd3BjZjctZW1haWwgd3BjZjctdmFsaWRhdGVzLWFzLXJlcXVpcmVkIHdwY2Y3LXZhbGlkYXRlcy1hcy1lbWFpbCBmb3JtLWNvbnRyb2wiIGlkPSJlbWFpbCIgYXJpYS1yZXF1aXJlZD0idHJ1ZSIgYXJpYS1pbnZhbGlkPSJmYWxzZSIgcGxhY2Vob2xkZXI9IkFkcmVzc2UgbWFpbCoiIC8+PC9zcGFuPgoJPC9kaXY+CjxkaXYgY2xhc3M9ImZvcm0tZ3JvdXAgY29sLW1kLTYiPgoJPHNwYW4gY2xhc3M9IndwY2Y3LWZvcm0tY29udHJvbC13cmFwIGtvbnRha3QtdGVsZWZvbiI+PGlucHV0IHR5cGU9InRlbCIgbmFtZT0ia29udGFrdC10ZWxlZm9uIiB2YWx1ZT0iIiBzaXplPSI0MCIgY2xhc3M9IndwY2Y3LWZvcm0tY29udHJvbCB3cGNmNy10ZXh0IHdwY2Y3LXRlbCB3cGNmNy12YWxpZGF0ZXMtYXMtcmVxdWlyZWQgd3BjZjctdmFsaWRhdGVzLWFzLXRlbCBmb3JtLWNvbnRyb2wiIGlkPSJ0ZWxlcGhvbmUiIGFyaWEtcmVxdWlyZWQ9InRydWUiIGFyaWEtaW52YWxpZD0iZmFsc2UiIHBsYWNlaG9sZGVyPSJOdW3DqXJvIGRlIHTDqWzDqXBob25lKiIgLz48L3NwYW4+Cgk8L2Rpdj4KPC9kaXY+CjxkaXYgY2xhc3M9ImZvcm0tcm93Ij4KPGRpdiBjbGFzcz0iZm9ybS1ncm91cCBjb2wiPgoJPHNwYW4gY2xhc3M9IndwY2Y3LWZvcm0tY29udHJvbC13cmFwIGtvbnRha3QtbmFjaHJpY2h0Ij48dGV4dGFyZWEgbmFtZT0ia29udGFrdC1uYWNocmljaHQiIGNvbHM9IjQwIiByb3dzPSIxMCIgY2xhc3M9IndwY2Y3LWZvcm0tY29udHJvbCB3cGNmNy10ZXh0YXJlYSBmb3JtLWNvbnRyb2wiIGlkPSJtZXNzYWdlIiBhcmlhLWludmFsaWQ9ImZhbHNlIiBwbGFjZWhvbGRlcj0iVm90cmUgbWVzc2FnZSI+PC90ZXh0YXJlYT48L3NwYW4+Cgk8L2Rpdj4KPC9kaXY+CjxkaXYgY2xhc3M9ImZvcm0tZ3JvdXAiPgoJPHNwYW4gY2xhc3M9IndwY2Y3LWZvcm0tY29udHJvbC13cmFwIHNhbXBsZSI+PHNwYW4gY2xhc3M9IndwY2Y3LWZvcm0tY29udHJvbCB3cGNmNy1jaGVja2JveCI+PHNwYW4gY2xhc3M9IndwY2Y3LWxpc3QtaXRlbSBmaXJzdCBsYXN0Ij48bGFiZWw+PGlucHV0IHR5cGU9ImNoZWNrYm94IiBuYW1lPSJzYW1wbGVbXSIgdmFsdWU9IkplIHN1aXMgaW50w6lyZXNzw6kgcGFyIHVuZSBjb3BpZSBkJiMwMzk7w6ljaGFudGlsbG9uLiBWZXVpbGxleiBtZSBjb250YWN0ZXIuIiAvPjxzcGFuIGNsYXNzPSJ3cGNmNy1saXN0LWl0ZW0tbGFiZWwiPkplIHN1aXMgaW50w6lyZXNzw6kgcGFyIHVuZSBjb3BpZSBkJiMwMzk7w6ljaGFudGlsbG9uLiBWZXVpbGxleiBtZSBjb250YWN0ZXIuPC9zcGFuPjwvbGFiZWw+PC9zcGFuPjwvc3Bhbj48L3NwYW4+PGJyIC8+Cgk8c3BhbiBjbGFzcz0id3BjZjctZm9ybS1jb250cm9sLXdyYXAgY29uc2VudCI+PHNwYW4gY2xhc3M9IndwY2Y3LWZvcm0tY29udHJvbCB3cGNmNy1hY2NlcHRhbmNlIj48c3BhbiBjbGFzcz0id3BjZjctbGlzdC1pdGVtIj48bGFiZWw+PGlucHV0IHR5cGU9ImNoZWNrYm94IiBuYW1lPSJjb25zZW50IiB2YWx1ZT0iMSIgYXJpYS1pbnZhbGlkPSJmYWxzZSIgLz48c3BhbiBjbGFzcz0id3BjZjctbGlzdC1pdGVtLWxhYmVsIj5KJ2FjY2VwdGUgbGEgPGEgaHJlZj0iaHR0cHM6Ly9kZXYzLmFsZGVycy5kZS9mci9wcm90ZWN0aW9uLWRlcy1kb25uZWVzLyIgdGFyZ2V0PSJfYmxhbmsiIHJlbD0ibm9vcGVuZXIgbm9yZWZlcnJlciI+UG9saXRpcXVlIGRlIGNvbmZpZGVudGlhbGl0w6k8L2E+LjxzbWFsbCBjbGFzcz0idGV4dC1kYW5nZXIgYWxpZ24tdG9wIj4qPC9zbWFsbD48L3NwYW4+PC9sYWJlbD48L3NwYW4+PC9zcGFuPjwvc3Bhbj4KPC9kaXY+CjxwPjxpbnB1dCB0eXBlPSJzdWJtaXQiIHZhbHVlPSJEZW1hbmRlIGRlIHByb2R1aXQiIGNsYXNzPSJ3cGNmNy1mb3JtLWNvbnRyb2wgd3BjZjctc3VibWl0IGJ0biBidG4tcHJpbWFyeSBmbG9hdC1yaWdodCIgLz48L3A+CjxkaXYgY2xhc3M9IndwY2Y3LXJlc3BvbnNlLW91dHB1dCIgYXJpYS1oaWRkZW49InRydWUiPjwvZGl2PjwvZm9ybT48L2Rpdj4=<\/script><\/div><\/div><\/div><\/div><\/div><\/div><\/div><\/div><\/div><\/div>[\/vc_column_text][\/vc_column][\/vc_row]<\/p>\n<\/div>","protected":false},"excerpt":{"rendered":"<p>[vc_row full_width=\u00a0\u00bbstretch_row\u00a0\u00bb el_class=\u00a0\u00bbsection-grauverlauf\u00a0\u00bb][vc_column][vc_column_text] Bouton d\u2019arr\u00eat d\u2019urgence pour machines et installations [\/vc_column_text][vc_row_inner][vc_column_inner width=\u00a0\u00bb1\/2&Prime;][vc_column_text]Vous trouverez chez Alders des boutons d\u2019arr\u00eat d\u2019urgence fiables et s\u00fbrs. Les interrupteurs d\u2019arr\u00eat d\u2019urgence permettent d\u2019arr\u00eater des mouvements dangereux de machines. Pour satisfaire notre exigence qualit\u00e9, nous misons sur les boutons d\u2019arr\u00eat d\u2019urgence de notre partenaire premium NKK Switches. Le bouton d\u2019arr\u00eat d\u2019urgence [&hellip;]<\/p>\n","protected":false},"author":1,"featured_media":281056,"parent":280976,"menu_order":0,"comment_status":"closed","ping_status":"closed","template":"","meta":{"footnotes":""},"folder":[],"acf":[],"yoast_head":"<!-- This site is optimized with the Yoast SEO plugin v21.8 - https:\/\/yoast.com\/wordpress\/plugins\/seo\/ -->\n<title>Bouton d\u2019arr\u00eat d\u2019urgence - ALDERS electronic GmbH<\/title>\n<meta name=\"description\" content=\"Not-Halt-Taster von NKK Switches. Not-Halt-Taster sind elektrische Bauelemente, f\u00fcr die Sicherheit von Anlagen und Maschinen\" \/>\n<meta name=\"robots\" content=\"noindex, follow, max-snippet:-1, max-image-preview:large, max-video-preview:-1\" \/>\n<meta property=\"og:locale\" content=\"fr_FR\" \/>\n<meta property=\"og:type\" content=\"article\" \/>\n<meta property=\"og:title\" content=\"Bouton d\u2019arr\u00eat d\u2019urgence - ALDERS electronic GmbH\" \/>\n<meta property=\"og:description\" content=\"Not-Halt-Taster von NKK Switches. Not-Halt-Taster sind elektrische Bauelemente, f\u00fcr die Sicherheit von Anlagen und Maschinen\" \/>\n<meta property=\"og:url\" content=\"https:\/\/dev3.alders.de\/fr\/produits\/bouton-de-commutation\/bouton-urgence\/\" \/>\n<meta property=\"og:site_name\" content=\"ALDERS electronic GmbH\" \/>\n<meta property=\"article:publisher\" content=\"https:\/\/www.facebook.com\/Alders.electronic\/\" \/>\n<meta property=\"article:modified_time\" content=\"2023-08-11T10:48:52+00:00\" \/>\n<meta property=\"og:image\" content=\"https:\/\/dev3.alders.de\/wp-content\/uploads\/2021\/03\/alders_tasterschalter_nothalttaster200x150px.jpg\" \/>\n\t<meta property=\"og:image:width\" content=\"200\" \/>\n\t<meta property=\"og:image:height\" content=\"150\" \/>\n\t<meta property=\"og:image:type\" content=\"image\/jpeg\" \/>\n<meta name=\"twitter:card\" content=\"summary_large_image\" \/>\n<meta name=\"twitter:label1\" content=\"Dur\u00e9e de lecture estim\u00e9e\" \/>\n\t<meta name=\"twitter:data1\" content=\"1 minute\" \/>\n<script type=\"application\/ld+json\" class=\"yoast-schema-graph\">{\"@context\":\"https:\/\/schema.org\",\"@graph\":[{\"@type\":\"WebPage\",\"@id\":\"https:\/\/dev3.alders.de\/fr\/produits\/bouton-de-commutation\/bouton-urgence\/\",\"url\":\"https:\/\/dev3.alders.de\/fr\/produits\/bouton-de-commutation\/bouton-urgence\/\",\"name\":\"Bouton d\u2019arr\u00eat d\u2019urgence - ALDERS electronic GmbH\",\"isPartOf\":{\"@id\":\"https:\/\/dev3.alders.de\/fr\/#website\"},\"datePublished\":\"2021-03-05T13:06:44+00:00\",\"dateModified\":\"2023-08-11T10:48:52+00:00\",\"description\":\"Not-Halt-Taster von NKK Switches. Not-Halt-Taster sind elektrische Bauelemente, f\u00fcr die Sicherheit von Anlagen und Maschinen\",\"breadcrumb\":{\"@id\":\"https:\/\/dev3.alders.de\/fr\/produits\/bouton-de-commutation\/bouton-urgence\/#breadcrumb\"},\"inLanguage\":\"fr-FR\",\"potentialAction\":[{\"@type\":\"ReadAction\",\"target\":[\"https:\/\/dev3.alders.de\/fr\/produits\/bouton-de-commutation\/bouton-urgence\/\"]}]},{\"@type\":\"BreadcrumbList\",\"@id\":\"https:\/\/dev3.alders.de\/fr\/produits\/bouton-de-commutation\/bouton-urgence\/#breadcrumb\",\"itemListElement\":[{\"@type\":\"ListItem\",\"position\":1,\"name\":\"ALDERS\",\"item\":\"https:\/\/dev3.alders.de\/fr\/\"},{\"@type\":\"ListItem\",\"position\":2,\"name\":\"Produits\",\"item\":\"https:\/\/dev3.alders.de\/fr\/produits\/\"},{\"@type\":\"ListItem\",\"position\":3,\"name\":\"Bouton de commutation\",\"item\":\"https:\/\/dev3.alders.de\/fr\/produits\/bouton-de-commutation\/\"},{\"@type\":\"ListItem\",\"position\":4,\"name\":\"Bouton d\u2019arr\u00eat d\u2019urgence\"}]},{\"@type\":\"WebSite\",\"@id\":\"https:\/\/dev3.alders.de\/fr\/#website\",\"url\":\"https:\/\/dev3.alders.de\/fr\/\",\"name\":\"ALDERS electronic GmbH\",\"description\":\"Der Spezialist f\u00fcr elektromechanische L\u00f6sungen\",\"publisher\":{\"@id\":\"https:\/\/dev3.alders.de\/fr\/#organization\"},\"potentialAction\":[{\"@type\":\"SearchAction\",\"target\":{\"@type\":\"EntryPoint\",\"urlTemplate\":\"https:\/\/dev3.alders.de\/fr\/?s={search_term_string}\"},\"query-input\":\"required name=search_term_string\"}],\"inLanguage\":\"fr-FR\"},{\"@type\":\"Organization\",\"@id\":\"https:\/\/dev3.alders.de\/fr\/#organization\",\"name\":\"ALDERS electronic GmbH\",\"url\":\"https:\/\/dev3.alders.de\/fr\/\",\"logo\":{\"@type\":\"ImageObject\",\"inLanguage\":\"fr-FR\",\"@id\":\"https:\/\/dev3.alders.de\/fr\/#\/schema\/logo\/image\/\",\"url\":\"https:\/\/dev3.alders.de\/wp-content\/uploads\/2023\/01\/SB-11A-00.pdf2021\/02\/alders-electronic-gmbh_logo.png\",\"contentUrl\":\"https:\/\/dev3.alders.de\/wp-content\/uploads\/2023\/01\/SB-11A-00.pdf2021\/02\/alders-electronic-gmbh_logo.png\",\"width\":270,\"height\":66,\"caption\":\"ALDERS electronic GmbH\"},\"image\":{\"@id\":\"https:\/\/dev3.alders.de\/fr\/#\/schema\/logo\/image\/\"},\"sameAs\":[\"https:\/\/www.facebook.com\/Alders.electronic\/\",\"https:\/\/de.linkedin.com\/company\/alders-electronic-gmbh\",\"https:\/\/www.youtube.com\/channel\/UC-hR66wsAmKOdY03IokrlzA\"]}]}<\/script>\n<!-- \/ Yoast SEO plugin. -->","yoast_head_json":{"title":"Bouton d\u2019arr\u00eat d\u2019urgence - ALDERS electronic GmbH","description":"Not-Halt-Taster von NKK Switches. Not-Halt-Taster sind elektrische Bauelemente, f\u00fcr die Sicherheit von Anlagen und Maschinen","robots":{"index":"noindex","follow":"follow","max-snippet":"max-snippet:-1","max-image-preview":"max-image-preview:large","max-video-preview":"max-video-preview:-1"},"og_locale":"fr_FR","og_type":"article","og_title":"Bouton d\u2019arr\u00eat d\u2019urgence - ALDERS electronic GmbH","og_description":"Not-Halt-Taster von NKK Switches. Not-Halt-Taster sind elektrische Bauelemente, f\u00fcr die Sicherheit von Anlagen und Maschinen","og_url":"https:\/\/dev3.alders.de\/fr\/produits\/bouton-de-commutation\/bouton-urgence\/","og_site_name":"ALDERS electronic GmbH","article_publisher":"https:\/\/www.facebook.com\/Alders.electronic\/","article_modified_time":"2023-08-11T10:48:52+00:00","og_image":[{"width":200,"height":150,"url":"https:\/\/dev3.alders.de\/wp-content\/uploads\/2021\/03\/alders_tasterschalter_nothalttaster200x150px.jpg","type":"image\/jpeg"}],"twitter_card":"summary_large_image","twitter_misc":{"Dur\u00e9e de lecture estim\u00e9e":"1 minute"},"schema":{"@context":"https:\/\/schema.org","@graph":[{"@type":"WebPage","@id":"https:\/\/dev3.alders.de\/fr\/produits\/bouton-de-commutation\/bouton-urgence\/","url":"https:\/\/dev3.alders.de\/fr\/produits\/bouton-de-commutation\/bouton-urgence\/","name":"Bouton d\u2019arr\u00eat d\u2019urgence - ALDERS electronic GmbH","isPartOf":{"@id":"https:\/\/dev3.alders.de\/fr\/#website"},"datePublished":"2021-03-05T13:06:44+00:00","dateModified":"2023-08-11T10:48:52+00:00","description":"Not-Halt-Taster von NKK Switches. Not-Halt-Taster sind elektrische Bauelemente, f\u00fcr die Sicherheit von Anlagen und Maschinen","breadcrumb":{"@id":"https:\/\/dev3.alders.de\/fr\/produits\/bouton-de-commutation\/bouton-urgence\/#breadcrumb"},"inLanguage":"fr-FR","potentialAction":[{"@type":"ReadAction","target":["https:\/\/dev3.alders.de\/fr\/produits\/bouton-de-commutation\/bouton-urgence\/"]}]},{"@type":"BreadcrumbList","@id":"https:\/\/dev3.alders.de\/fr\/produits\/bouton-de-commutation\/bouton-urgence\/#breadcrumb","itemListElement":[{"@type":"ListItem","position":1,"name":"ALDERS","item":"https:\/\/dev3.alders.de\/fr\/"},{"@type":"ListItem","position":2,"name":"Produits","item":"https:\/\/dev3.alders.de\/fr\/produits\/"},{"@type":"ListItem","position":3,"name":"Bouton de commutation","item":"https:\/\/dev3.alders.de\/fr\/produits\/bouton-de-commutation\/"},{"@type":"ListItem","position":4,"name":"Bouton d\u2019arr\u00eat d\u2019urgence"}]},{"@type":"WebSite","@id":"https:\/\/dev3.alders.de\/fr\/#website","url":"https:\/\/dev3.alders.de\/fr\/","name":"ALDERS electronic GmbH","description":"Der Spezialist f\u00fcr elektromechanische L\u00f6sungen","publisher":{"@id":"https:\/\/dev3.alders.de\/fr\/#organization"},"potentialAction":[{"@type":"SearchAction","target":{"@type":"EntryPoint","urlTemplate":"https:\/\/dev3.alders.de\/fr\/?s={search_term_string}"},"query-input":"required name=search_term_string"}],"inLanguage":"fr-FR"},{"@type":"Organization","@id":"https:\/\/dev3.alders.de\/fr\/#organization","name":"ALDERS electronic GmbH","url":"https:\/\/dev3.alders.de\/fr\/","logo":{"@type":"ImageObject","inLanguage":"fr-FR","@id":"https:\/\/dev3.alders.de\/fr\/#\/schema\/logo\/image\/","url":"https:\/\/dev3.alders.de\/wp-content\/uploads\/2023\/01\/SB-11A-00.pdf2021\/02\/alders-electronic-gmbh_logo.png","contentUrl":"https:\/\/dev3.alders.de\/wp-content\/uploads\/2023\/01\/SB-11A-00.pdf2021\/02\/alders-electronic-gmbh_logo.png","width":270,"height":66,"caption":"ALDERS electronic GmbH"},"image":{"@id":"https:\/\/dev3.alders.de\/fr\/#\/schema\/logo\/image\/"},"sameAs":["https:\/\/www.facebook.com\/Alders.electronic\/","https:\/\/de.linkedin.com\/company\/alders-electronic-gmbh","https:\/\/www.youtube.com\/channel\/UC-hR66wsAmKOdY03IokrlzA"]}]}},"_links":{"self":[{"href":"https:\/\/dev3.alders.de\/fr\/wp-json\/wp\/v2\/pages\/281055"}],"collection":[{"href":"https:\/\/dev3.alders.de\/fr\/wp-json\/wp\/v2\/pages"}],"about":[{"href":"https:\/\/dev3.alders.de\/fr\/wp-json\/wp\/v2\/types\/page"}],"author":[{"embeddable":true,"href":"https:\/\/dev3.alders.de\/fr\/wp-json\/wp\/v2\/users\/1"}],"replies":[{"embeddable":true,"href":"https:\/\/dev3.alders.de\/fr\/wp-json\/wp\/v2\/comments?post=281055"}],"version-history":[{"count":6,"href":"https:\/\/dev3.alders.de\/fr\/wp-json\/wp\/v2\/pages\/281055\/revisions"}],"predecessor-version":[{"id":287500,"href":"https:\/\/dev3.alders.de\/fr\/wp-json\/wp\/v2\/pages\/281055\/revisions\/287500"}],"up":[{"embeddable":true,"href":"https:\/\/dev3.alders.de\/fr\/wp-json\/wp\/v2\/pages\/280976"}],"wp:featuredmedia":[{"embeddable":true,"href":"https:\/\/dev3.alders.de\/fr\/wp-json\/wp\/v2\/media\/281056"}],"wp:attachment":[{"href":"https:\/\/dev3.alders.de\/fr\/wp-json\/wp\/v2\/media?parent=281055"}],"wp:term":[{"taxonomy":"folder","embeddable":true,"href":"https:\/\/dev3.alders.de\/fr\/wp-json\/wp\/v2\/folder?post=281055"}],"curies":[{"name":"wp","href":"https:\/\/api.w.org\/{rel}","templated":true}]}}